{"id":1240,"date":"2021-03-21T13:57:33","date_gmt":"2021-03-21T12:57:33","guid":{"rendered":"https:\/\/ukf.hemsida.eu\/?page_id=1240"},"modified":"2021-10-29T15:41:58","modified_gmt":"2021-10-29T14:41:58","slug":"kollektivtrafik","status":"publish","type":"page","link":"https:\/\/www.ukf.umea.se\/en\/om-oss\/kollektivtrafik\/","title":{"rendered":"Kollektivtrafiken i Ume\u00e5"},"content":{"rendered":"<div data-elementor-type=\"wp-page\" data-elementor-id=\"1240\" class=\"elementor elementor-1240\" data-elementor-post-type=\"page\">\n\t\t\t\t\t\t<section class=\"elementor-section elementor-top-section elementor-element elementor-element-dbc2767 elementor-section-boxed elementor-section-height-default elementor-section-height-default\" data-id=\"dbc2767\" data-element_type=\"section\" data-e-type=\"section\">\n\t\t\t\t\t\t<div class=\"elementor-container elementor-column-gap-default\">\n\t\t\t\t\t<div class=\"elementor-column elementor-col-100 elementor-top-column elementor-element elementor-element-516cfa9\" data-id=\"516cfa9\" data-element_type=\"column\" data-e-type=\"column\">\n\t\t\t<div class=\"elementor-widget-wrap elementor-element-populated\">\n\t\t\t\t\t\t<div class=\"elementor-element elementor-element-19b2794 elementor-widget elementor-widget-heading\" data-id=\"19b2794\" data-element_type=\"widget\" data-e-type=\"widget\" data-widget_type=\"heading.default\">\n\t\t\t\t<div class=\"elementor-widget-container\">\n\t\t\t\t\t<h1 class=\"elementor-heading-title elementor-size-default\">Kollektivtrafiken i Ume\u00e5<\/h1>\t\t\t\t<\/div>\n\t\t\t\t<\/div>\n\t\t\t\t<div class=\"elementor-element elementor-element-c1aa2d4 elementor-widget elementor-widget-image\" data-id=\"c1aa2d4\" data-element_type=\"widget\" data-e-type=\"widget\" data-widget_type=\"image.default\">\n\t\t\t\t<div class=\"elementor-widget-container\">\n\t\t\t\t\t\t\t\t\t\t\t\t\t\t\t<img fetchpriority=\"high\" decoding=\"async\" width=\"637\" height=\"364\" src=\"https:\/\/www.ukf.umea.se\/wp-content\/uploads\/2021\/03\/kollektivtrafik_umea_ungdomarombord.jpg\" class=\"attachment-large size-large wp-image-1252\" alt=\"Kollektivtrafik Ume\u00e5\" srcset=\"https:\/\/www.ukf.umea.se\/wp-content\/uploads\/2021\/03\/kollektivtrafik_umea_ungdomarombord.jpg 637w, https:\/\/www.ukf.umea.se\/wp-content\/uploads\/2021\/03\/kollektivtrafik_umea_ungdomarombord-300x171.jpg 300w, https:\/\/www.ukf.umea.se\/wp-content\/uploads\/2021\/03\/kollektivtrafik_umea_ungdomarombord-16x9.jpg 16w\" sizes=\"(max-width: 637px) 100vw, 637px\" \/>\t\t\t\t\t\t\t\t\t\t\t\t\t\t\t<\/div>\n\t\t\t\t<\/div>\n\t\t\t\t<div class=\"elementor-element elementor-element-e89b94c elementor-widget elementor-widget-text-editor\" data-id=\"e89b94c\" data-element_type=\"widget\" data-e-type=\"widget\" data-widget_type=\"text-editor.default\">\n\t\t\t\t<div class=\"elementor-widget-container\">\n\t\t\t\t\t\t\t\t\t<p>Ume\u00e5 Kommunf\u00f6retag har, ut\u00f6ver sin roll som koncernledning, \u00e4ven uppdraget att ansvara f\u00f6r kollektivtrafiken i Ume\u00e5 kommun. I uppdraget ing\u00e5r att planera, utveckla och upphandla trafikut\u00f6vare tillsammans med L\u00e4nstrafiken.<\/p><p>Inom v\u00e5rt ansvarsomr\u00e5de ryms:<\/p><ul><li><strong>Ultra \u2013 lokaltrafiken i Ume\u00e5<\/strong><br \/>I det samverkansprojekt som drivs inom ramen f\u00f6r Ultra \u00e4r m\u00e5ls\u00e4ttningen att f\u00f6rdubbla marknadsandelen fram till \u00e5r 2020. Idag g\u00f6rs 8, 5 miljoner bussresor per \u00e5r. Sedan 2005 har resandet med Ultras bussar \u00f6kat med cirka 100 procent.<br \/><br \/><\/li><li><strong>\u00d6vrig busstrafik med start- och slutpunkt inom Ume\u00e5 kommun<\/strong><br \/>Detta inkluderar busslinjer som trafikerar mellan Ume\u00e5 och \u00f6vriga st\u00f6rre t\u00e4torter, bland annat busstrafik till\/fr\u00e5n S\u00e4var och Holmsund\/Obbola<br \/><br \/><\/li><li><strong>Ringbilstrafiken i Ume\u00e5 kommun<\/strong><br \/>Tanken med ringbilstrafiken \u00e4r att det ska finnas en m\u00f6jlighet i landsbygd, d\u00e4r det \u00e4r l\u00e5ngt till n\u00e4rmaste busslinje eller serviceort, att ta sig till och fr\u00e5n en linje eller till och fr\u00e5n en serviceort med hj\u00e4lp av taxibil.<br \/><br \/><\/li><li>Den <strong>f\u00e4rjetrafik<\/strong> som under sommarhalv\u00e5ret bedrivs mellan Norrbysk\u00e4r och Norrbyn.<\/li><\/ul>\t\t\t\t\t\t\t\t<\/div>\n\t\t\t\t<\/div>\n\t\t\t\t<div class=\"elementor-element elementor-element-c767a41 elementor-widget elementor-widget-heading\" data-id=\"c767a41\" data-element_type=\"widget\" data-e-type=\"widget\" data-widget_type=\"heading.default\">\n\t\t\t\t<div class=\"elementor-widget-container\">\n\t\t\t\t\t<h2 class=\"elementor-heading-title elementor-size-default\">Milj\u00f6fokus<\/h2>\t\t\t\t<\/div>\n\t\t\t\t<\/div>\n\t\t\t\t<div class=\"elementor-element elementor-element-2748dc1 elementor-widget elementor-widget-text-editor\" data-id=\"2748dc1\" data-element_type=\"widget\" data-e-type=\"widget\" data-widget_type=\"text-editor.default\">\n\t\t\t\t<div class=\"elementor-widget-container\">\n\t\t\t\t\t\t\t\t\t<p>Ume\u00e5 Kommunf\u00f6retag arbetar f\u00f6r att buss\u00e5kandet ska bli s\u00e5 milj\u00f6v\u00e4nligt som m\u00f6jligt n\u00e4r det g\u00e4ller buller och utsl\u00e4pp. Som en del i detta arbete tecknade kommunen h\u00f6sten 2012 ett avtal med Ume\u00e5f\u00f6retaget Hybricon om v\u00e4rldens tv\u00e5 f\u00f6rsta fabriksnya snabbladdningsbara elbussar. Denna samverkan har utvecklats, vilket g\u00f6r att lokaltrafiken i Ume\u00e5 idag trafikeras ned nio helelektriska bussar. Sedan mars 2017 \u00e4r Ume\u00e5s lokaltrafik helt fossilfri.<\/p>\t\t\t\t\t\t\t\t<\/div>\n\t\t\t\t<\/div>\n\t\t\t\t<div class=\"elementor-element elementor-element-2b2e0d8 elementor-widget elementor-widget-heading\" data-id=\"2b2e0d8\" data-element_type=\"widget\" data-e-type=\"widget\" data-widget_type=\"heading.default\">\n\t\t\t\t<div class=\"elementor-widget-container\">\n\t\t\t\t\t<h2 class=\"elementor-heading-title elementor-size-default\">Tidtabeller och reseplanering<\/h2>\t\t\t\t<\/div>\n\t\t\t\t<\/div>\n\t\t\t\t<div class=\"elementor-element elementor-element-c8dd8a5 elementor-widget elementor-widget-text-editor\" data-id=\"c8dd8a5\" data-element_type=\"widget\" data-e-type=\"widget\" data-widget_type=\"text-editor.default\">\n\t\t\t\t<div class=\"elementor-widget-container\">\n\t\t\t\t\t\t\t\t\t<p>Mer information om busstrafiken i Ume\u00e5 och l\u00e4net, tidtabeller med mera, hittar du p\u00e5 p\u00e5 webbplatsen <a href=\"https:\/\/www.tabussen.nu\/\" target=\"_blank\" rel=\"noopener\">tabussen.nu<\/a>.<\/p><p>Se \u00e4ven <a href=\"https:\/\/www.tabussen.nu\/ultra\/\" target=\"_blank\" rel=\"noopener\">Ultras reseplanerare<\/a>.<\/p>\t\t\t\t\t\t\t\t<\/div>\n\t\t\t\t<\/div>\n\t\t\t\t\t<\/div>\n\t\t<\/div>\n\t\t\t\t\t<\/div>\n\t\t<\/section>\n\t\t\t\t<\/div>","protected":false},"excerpt":{"rendered":"<p>Kollektivtrafiken i Ume\u00e5 Ume\u00e5 Kommunf\u00f6retag har, ut\u00f6ver sin roll som koncernledning, \u00e4ven uppdraget att ansvara f\u00f6r kollektivtrafiken i Ume\u00e5 kommun. I uppdraget ing\u00e5r att planera, utveckla och upphandla trafikut\u00f6vare tillsammans med L\u00e4nstrafiken. Inom v\u00e5rt ansvarsomr\u00e5de ryms: Ultra \u2013 lokaltrafiken i Ume\u00e5I det samverkansprojekt som drivs inom ramen f\u00f6r Ultra \u00e4r m\u00e5ls\u00e4ttningen att f\u00f6rdubbla marknadsandelen fram [&hellip;]<\/p>\n","protected":false},"author":1,"featured_media":0,"parent":308,"menu_order":4,"comment_status":"closed","ping_status":"closed","template":"","meta":{"_acf_changed":false,"inline_featured_image":false,"footnotes":""},"class_list":["post-1240","page","type-page","status-publish","hentry"],"acf":[],"yoast_head":"<!-- This site is optimized with the Yoast SEO plugin v27.3 - https:\/\/yoast.com\/product\/yoast-seo-wordpress\/ -->\n<title>Kollektivtrafiken i Ume\u00e5 - Ume\u00e5 Kommunf\u00f6retag AB<\/title>\n<meta name=\"robots\" content=\"index, follow, max-snippet:-1, max-image-preview:large, max-video-preview:-1\" \/>\n<link rel=\"canonical\" href=\"https:\/\/www.ukf.umea.se\/en\/om-oss\/kollektivtrafik\/\" \/>\n<meta property=\"og:locale\" content=\"en_US\" \/>\n<meta property=\"og:type\" content=\"article\" \/>\n<meta property=\"og:title\" content=\"Kollektivtrafiken i Ume\u00e5 - Ume\u00e5 Kommunf\u00f6retag AB\" \/>\n<meta property=\"og:description\" content=\"Kollektivtrafiken i Ume\u00e5 Ume\u00e5 Kommunf\u00f6retag har, ut\u00f6ver sin roll som koncernledning, \u00e4ven uppdraget att ansvara f\u00f6r kollektivtrafiken i Ume\u00e5 kommun. I uppdraget ing\u00e5r att planera, utveckla och upphandla trafikut\u00f6vare tillsammans med L\u00e4nstrafiken. Inom v\u00e5rt ansvarsomr\u00e5de ryms: Ultra \u2013 lokaltrafiken i Ume\u00e5I det samverkansprojekt som drivs inom ramen f\u00f6r Ultra \u00e4r m\u00e5ls\u00e4ttningen att f\u00f6rdubbla marknadsandelen fram [&hellip;]\" \/>\n<meta property=\"og:url\" content=\"https:\/\/www.ukf.umea.se\/en\/om-oss\/kollektivtrafik\/\" \/>\n<meta property=\"og:site_name\" content=\"Ume\u00e5 Kommunf\u00f6retag AB\" \/>\n<meta property=\"article:modified_time\" content=\"2021-10-29T14:41:58+00:00\" \/>\n<meta property=\"og:image\" content=\"https:\/\/ukf.hemsida.eu\/wp-content\/uploads\/2021\/03\/kollektivtrafik_umea_ungdomarombord.jpg\" \/>\n<meta name=\"twitter:card\" content=\"summary_large_image\" \/>\n<meta name=\"twitter:label1\" content=\"Est. reading time\" \/>\n\t<meta name=\"twitter:data1\" content=\"2 minutes\" \/>\n<script type=\"application\/ld+json\" class=\"yoast-schema-graph\">{\"@context\":\"https:\\\/\\\/schema.org\",\"@graph\":[{\"@type\":\"WebPage\",\"@id\":\"https:\\\/\\\/www.ukf.umea.se\\\/om-oss\\\/kollektivtrafik\\\/\",\"url\":\"https:\\\/\\\/www.ukf.umea.se\\\/om-oss\\\/kollektivtrafik\\\/\",\"name\":\"Kollektivtrafiken i Ume\u00e5 - Ume\u00e5 Kommunf\u00f6retag AB\",\"isPartOf\":{\"@id\":\"https:\\\/\\\/www.ukf.umea.se\\\/#website\"},\"primaryImageOfPage\":{\"@id\":\"https:\\\/\\\/www.ukf.umea.se\\\/om-oss\\\/kollektivtrafik\\\/#primaryimage\"},\"image\":{\"@id\":\"https:\\\/\\\/www.ukf.umea.se\\\/om-oss\\\/kollektivtrafik\\\/#primaryimage\"},\"thumbnailUrl\":\"https:\\\/\\\/ukf.hemsida.eu\\\/wp-content\\\/uploads\\\/2021\\\/03\\\/kollektivtrafik_umea_ungdomarombord.jpg\",\"datePublished\":\"2021-03-21T12:57:33+00:00\",\"dateModified\":\"2021-10-29T14:41:58+00:00\",\"breadcrumb\":{\"@id\":\"https:\\\/\\\/www.ukf.umea.se\\\/om-oss\\\/kollektivtrafik\\\/#breadcrumb\"},\"inLanguage\":\"en-US\",\"potentialAction\":[{\"@type\":\"ReadAction\",\"target\":[\"https:\\\/\\\/www.ukf.umea.se\\\/om-oss\\\/kollektivtrafik\\\/\"]}]},{\"@type\":\"ImageObject\",\"inLanguage\":\"en-US\",\"@id\":\"https:\\\/\\\/www.ukf.umea.se\\\/om-oss\\\/kollektivtrafik\\\/#primaryimage\",\"url\":\"https:\\\/\\\/ukf.hemsida.eu\\\/wp-content\\\/uploads\\\/2021\\\/03\\\/kollektivtrafik_umea_ungdomarombord.jpg\",\"contentUrl\":\"https:\\\/\\\/ukf.hemsida.eu\\\/wp-content\\\/uploads\\\/2021\\\/03\\\/kollektivtrafik_umea_ungdomarombord.jpg\"},{\"@type\":\"BreadcrumbList\",\"@id\":\"https:\\\/\\\/www.ukf.umea.se\\\/om-oss\\\/kollektivtrafik\\\/#breadcrumb\",\"itemListElement\":[{\"@type\":\"ListItem\",\"position\":1,\"name\":\"Hem\",\"item\":\"https:\\\/\\\/www.ukf.umea.se\\\/\"},{\"@type\":\"ListItem\",\"position\":2,\"name\":\"Om oss\",\"item\":\"https:\\\/\\\/www.ukf.umea.se\\\/om-oss\\\/\"},{\"@type\":\"ListItem\",\"position\":3,\"name\":\"Kollektivtrafiken i Ume\u00e5\"}]},{\"@type\":\"WebSite\",\"@id\":\"https:\\\/\\\/www.ukf.umea.se\\\/#website\",\"url\":\"https:\\\/\\\/www.ukf.umea.se\\\/\",\"name\":\"Ume\u00e5 Kommunf\u00f6retag AB\",\"description\":\"Moderbolag f\u00f6r Ume\u00e5 Kommuns bolag\",\"publisher\":{\"@id\":\"https:\\\/\\\/www.ukf.umea.se\\\/#organization\"},\"potentialAction\":[{\"@type\":\"SearchAction\",\"target\":{\"@type\":\"EntryPoint\",\"urlTemplate\":\"https:\\\/\\\/www.ukf.umea.se\\\/?s={search_term_string}\"},\"query-input\":{\"@type\":\"PropertyValueSpecification\",\"valueRequired\":true,\"valueName\":\"search_term_string\"}}],\"inLanguage\":\"en-US\"},{\"@type\":\"Organization\",\"@id\":\"https:\\\/\\\/www.ukf.umea.se\\\/#organization\",\"name\":\"Ume\u00e5 Kommunf\u00f6retag AB\",\"url\":\"https:\\\/\\\/www.ukf.umea.se\\\/\",\"logo\":{\"@type\":\"ImageObject\",\"inLanguage\":\"en-US\",\"@id\":\"https:\\\/\\\/www.ukf.umea.se\\\/#\\\/schema\\\/logo\\\/image\\\/\",\"url\":\"https:\\\/\\\/ukf.umea.se\\\/wp-content\\\/uploads\\\/2021\\\/02\\\/UKF_A_RGB.jpg\",\"contentUrl\":\"https:\\\/\\\/ukf.umea.se\\\/wp-content\\\/uploads\\\/2021\\\/02\\\/UKF_A_RGB.jpg\",\"width\":875,\"height\":191,\"caption\":\"Ume\u00e5 Kommunf\u00f6retag AB\"},\"image\":{\"@id\":\"https:\\\/\\\/www.ukf.umea.se\\\/#\\\/schema\\\/logo\\\/image\\\/\"},\"sameAs\":[\"https:\\\/\\\/sv.wikipedia.org\\\/wiki\\\/Ume\u00e5_Kommunf\u00f6retag\"]}]}<\/script>\n<!-- \/ Yoast SEO plugin. -->","yoast_head_json":{"title":"Kollektivtrafiken i Ume\u00e5 - Ume\u00e5 Kommunf\u00f6retag AB","robots":{"index":"index","follow":"follow","max-snippet":"max-snippet:-1","max-image-preview":"max-image-preview:large","max-video-preview":"max-video-preview:-1"},"canonical":"https:\/\/www.ukf.umea.se\/en\/om-oss\/kollektivtrafik\/","og_locale":"en_US","og_type":"article","og_title":"Kollektivtrafiken i Ume\u00e5 - Ume\u00e5 Kommunf\u00f6retag AB","og_description":"Kollektivtrafiken i Ume\u00e5 Ume\u00e5 Kommunf\u00f6retag har, ut\u00f6ver sin roll som koncernledning, \u00e4ven uppdraget att ansvara f\u00f6r kollektivtrafiken i Ume\u00e5 kommun. I uppdraget ing\u00e5r att planera, utveckla och upphandla trafikut\u00f6vare tillsammans med L\u00e4nstrafiken. Inom v\u00e5rt ansvarsomr\u00e5de ryms: Ultra \u2013 lokaltrafiken i Ume\u00e5I det samverkansprojekt som drivs inom ramen f\u00f6r Ultra \u00e4r m\u00e5ls\u00e4ttningen att f\u00f6rdubbla marknadsandelen fram [&hellip;]","og_url":"https:\/\/www.ukf.umea.se\/en\/om-oss\/kollektivtrafik\/","og_site_name":"Ume\u00e5 Kommunf\u00f6retag AB","article_modified_time":"2021-10-29T14:41:58+00:00","og_image":[{"url":"https:\/\/ukf.hemsida.eu\/wp-content\/uploads\/2021\/03\/kollektivtrafik_umea_ungdomarombord.jpg","type":"","width":"","height":""}],"twitter_card":"summary_large_image","twitter_misc":{"Est. reading time":"2 minutes"},"schema":{"@context":"https:\/\/schema.org","@graph":[{"@type":"WebPage","@id":"https:\/\/www.ukf.umea.se\/om-oss\/kollektivtrafik\/","url":"https:\/\/www.ukf.umea.se\/om-oss\/kollektivtrafik\/","name":"Kollektivtrafiken i Ume\u00e5 - Ume\u00e5 Kommunf\u00f6retag AB","isPartOf":{"@id":"https:\/\/www.ukf.umea.se\/#website"},"primaryImageOfPage":{"@id":"https:\/\/www.ukf.umea.se\/om-oss\/kollektivtrafik\/#primaryimage"},"image":{"@id":"https:\/\/www.ukf.umea.se\/om-oss\/kollektivtrafik\/#primaryimage"},"thumbnailUrl":"https:\/\/ukf.hemsida.eu\/wp-content\/uploads\/2021\/03\/kollektivtrafik_umea_ungdomarombord.jpg","datePublished":"2021-03-21T12:57:33+00:00","dateModified":"2021-10-29T14:41:58+00:00","breadcrumb":{"@id":"https:\/\/www.ukf.umea.se\/om-oss\/kollektivtrafik\/#breadcrumb"},"inLanguage":"en-US","potentialAction":[{"@type":"ReadAction","target":["https:\/\/www.ukf.umea.se\/om-oss\/kollektivtrafik\/"]}]},{"@type":"ImageObject","inLanguage":"en-US","@id":"https:\/\/www.ukf.umea.se\/om-oss\/kollektivtrafik\/#primaryimage","url":"https:\/\/ukf.hemsida.eu\/wp-content\/uploads\/2021\/03\/kollektivtrafik_umea_ungdomarombord.jpg","contentUrl":"https:\/\/ukf.hemsida.eu\/wp-content\/uploads\/2021\/03\/kollektivtrafik_umea_ungdomarombord.jpg"},{"@type":"BreadcrumbList","@id":"https:\/\/www.ukf.umea.se\/om-oss\/kollektivtrafik\/#breadcrumb","itemListElement":[{"@type":"ListItem","position":1,"name":"Hem","item":"https:\/\/www.ukf.umea.se\/"},{"@type":"ListItem","position":2,"name":"Om oss","item":"https:\/\/www.ukf.umea.se\/om-oss\/"},{"@type":"ListItem","position":3,"name":"Kollektivtrafiken i Ume\u00e5"}]},{"@type":"WebSite","@id":"https:\/\/www.ukf.umea.se\/#website","url":"https:\/\/www.ukf.umea.se\/","name":"Ume\u00e5 Kommunf\u00f6retag AB","description":"Moderbolag f\u00f6r Ume\u00e5 Kommuns bolag","publisher":{"@id":"https:\/\/www.ukf.umea.se\/#organization"},"potentialAction":[{"@type":"SearchAction","target":{"@type":"EntryPoint","urlTemplate":"https:\/\/www.ukf.umea.se\/?s={search_term_string}"},"query-input":{"@type":"PropertyValueSpecification","valueRequired":true,"valueName":"search_term_string"}}],"inLanguage":"en-US"},{"@type":"Organization","@id":"https:\/\/www.ukf.umea.se\/#organization","name":"Ume\u00e5 Kommunf\u00f6retag AB","url":"https:\/\/www.ukf.umea.se\/","logo":{"@type":"ImageObject","inLanguage":"en-US","@id":"https:\/\/www.ukf.umea.se\/#\/schema\/logo\/image\/","url":"https:\/\/ukf.umea.se\/wp-content\/uploads\/2021\/02\/UKF_A_RGB.jpg","contentUrl":"https:\/\/ukf.umea.se\/wp-content\/uploads\/2021\/02\/UKF_A_RGB.jpg","width":875,"height":191,"caption":"Ume\u00e5 Kommunf\u00f6retag AB"},"image":{"@id":"https:\/\/www.ukf.umea.se\/#\/schema\/logo\/image\/"},"sameAs":["https:\/\/sv.wikipedia.org\/wiki\/Ume\u00e5_Kommunf\u00f6retag"]}]}},"_links":{"self":[{"href":"https:\/\/www.ukf.umea.se\/en\/wp-json\/wp\/v2\/pages\/1240","targetHints":{"allow":["GET"]}}],"collection":[{"href":"https:\/\/www.ukf.umea.se\/en\/wp-json\/wp\/v2\/pages"}],"about":[{"href":"https:\/\/www.ukf.umea.se\/en\/wp-json\/wp\/v2\/types\/page"}],"author":[{"embeddable":true,"href":"https:\/\/www.ukf.umea.se\/en\/wp-json\/wp\/v2\/users\/1"}],"replies":[{"embeddable":true,"href":"https:\/\/www.ukf.umea.se\/en\/wp-json\/wp\/v2\/comments?post=1240"}],"version-history":[{"count":19,"href":"https:\/\/www.ukf.umea.se\/en\/wp-json\/wp\/v2\/pages\/1240\/revisions"}],"predecessor-version":[{"id":1343,"href":"https:\/\/www.ukf.umea.se\/en\/wp-json\/wp\/v2\/pages\/1240\/revisions\/1343"}],"up":[{"embeddable":true,"href":"https:\/\/www.ukf.umea.se\/en\/wp-json\/wp\/v2\/pages\/308"}],"wp:attachment":[{"href":"https:\/\/www.ukf.umea.se\/en\/wp-json\/wp\/v2\/media?parent=1240"}],"curies":[{"name":"wp","href":"https:\/\/api.w.org\/{rel}","templated":true}]}}