{"id":1351,"date":"2021-03-24T11:09:23","date_gmt":"2021-03-24T10:09:23","guid":{"rendered":"https:\/\/ukf.hemsida.eu\/?page_id=1351"},"modified":"2025-05-07T07:54:54","modified_gmt":"2025-05-07T05:54:54","slug":"aktivitetskortet-apn","status":"publish","type":"page","link":"https:\/\/www.ukf.umea.se\/en\/aktivitetskortet-apn\/","title":{"rendered":"Aktivitetskortet APN &#8211; Kompetensspridning i Ume\u00e5 AB"},"content":{"rendered":"<div data-elementor-type=\"wp-page\" data-elementor-id=\"1351\" class=\"elementor elementor-1351\" data-elementor-post-type=\"page\">\n\t\t\t\t\t\t<section class=\"elementor-section elementor-top-section elementor-element elementor-element-c8f0e51 elementor-section-boxed elementor-section-height-default elementor-section-height-default\" data-id=\"c8f0e51\" data-element_type=\"section\" data-e-type=\"section\">\n\t\t\t\t\t\t<div class=\"elementor-container elementor-column-gap-default\">\n\t\t\t\t\t<div class=\"elementor-column elementor-col-66 elementor-top-column elementor-element elementor-element-89ad49b\" data-id=\"89ad49b\" data-element_type=\"column\" data-e-type=\"column\">\n\t\t\t<div class=\"elementor-widget-wrap elementor-element-populated\">\n\t\t\t\t\t\t<div class=\"elementor-element elementor-element-6ef2dd9 elementor-widget elementor-widget-image\" data-id=\"6ef2dd9\" data-element_type=\"widget\" data-e-type=\"widget\" data-widget_type=\"image.default\">\n\t\t\t\t<div class=\"elementor-widget-container\">\n\t\t\t\t\t\t\t\t\t\t\t\t\t\t\t<img fetchpriority=\"high\" decoding=\"async\" width=\"637\" height=\"364\" src=\"https:\/\/www.ukf.umea.se\/wp-content\/uploads\/2021\/03\/kanot_barn.jpg\" class=\"attachment-large size-large wp-image-1392\" alt=\"\" srcset=\"https:\/\/www.ukf.umea.se\/wp-content\/uploads\/2021\/03\/kanot_barn.jpg 637w, https:\/\/www.ukf.umea.se\/wp-content\/uploads\/2021\/03\/kanot_barn-300x171.jpg 300w, https:\/\/www.ukf.umea.se\/wp-content\/uploads\/2021\/03\/kanot_barn-16x9.jpg 16w\" sizes=\"(max-width: 637px) 100vw, 637px\" \/>\t\t\t\t\t\t\t\t\t\t\t\t\t\t\t<\/div>\n\t\t\t\t<\/div>\n\t\t\t\t<div class=\"elementor-element elementor-element-505d69a elementor-widget elementor-widget-heading\" data-id=\"505d69a\" data-element_type=\"widget\" data-e-type=\"widget\" data-widget_type=\"heading.default\">\n\t\t\t\t<div class=\"elementor-widget-container\">\n\t\t\t\t\t<h1 class=\"elementor-heading-title elementor-size-default\">APN - ett aktivitetskort p\u00e5 n\u00e4tet<\/h1>\t\t\t\t<\/div>\n\t\t\t\t<\/div>\n\t\t\t\t<div class=\"elementor-element elementor-element-a8ba8bd elementor-widget elementor-widget-text-editor\" data-id=\"a8ba8bd\" data-element_type=\"widget\" data-e-type=\"widget\" data-widget_type=\"text-editor.default\">\n\t\t\t\t<div class=\"elementor-widget-container\">\n\t\t\t\t\t\t\t\t\t<p>APN is a service for attendance registration of grant-based activities, which automatically calculates how much grant an association is entitled to according to the municipality's regulations. For the municipality, APN creates an easy-to-understand summary of the situation for all associations at any given time, by replacing the old time-consuming paper reporting.<\/p><p>Through collaboration with several other systems, municipalities can allow registration to take place externally, and only let APN handle the formal grant application.<\/p>\t\t\t\t\t\t\t\t<\/div>\n\t\t\t\t<\/div>\n\t\t\t\t<div class=\"elementor-element elementor-element-b28a137 elementor-widget elementor-widget-heading\" data-id=\"b28a137\" data-element_type=\"widget\" data-e-type=\"widget\" data-widget_type=\"heading.default\">\n\t\t\t\t<div class=\"elementor-widget-container\">\n\t\t\t\t\t<h2 class=\"elementor-heading-title elementor-size-default\">APN saves time, money and the environment<\/h2>\t\t\t\t<\/div>\n\t\t\t\t<\/div>\n\t\t\t\t<div class=\"elementor-element elementor-element-6d75b5d elementor-widget elementor-widget-text-editor\" data-id=\"6d75b5d\" data-element_type=\"widget\" data-e-type=\"widget\" data-widget_type=\"text-editor.default\">\n\t\t\t\t<div class=\"elementor-widget-container\">\n\t\t\t\t\t\t\t\t\t<p>Since its launch in Ume\u00e5 in 2006, paper reporting has been phased out, and since 2009 it has only been done directly in APN. Reduced paper reporting means an improved environment, while automation means that resources can be used for other purposes than compiling grant applications.<\/p>\t\t\t\t\t\t\t\t<\/div>\n\t\t\t\t<\/div>\n\t\t\t\t<div class=\"elementor-element elementor-element-1b5f1dd elementor-widget elementor-widget-heading\" data-id=\"1b5f1dd\" data-element_type=\"widget\" data-e-type=\"widget\" data-widget_type=\"heading.default\">\n\t\t\t\t<div class=\"elementor-widget-container\">\n\t\t\t\t\t<h2 class=\"elementor-heading-title elementor-size-default\">Over 50 municipalities collaborate<\/h2>\t\t\t\t<\/div>\n\t\t\t\t<\/div>\n\t\t\t\t<div class=\"elementor-element elementor-element-d22d8a0 elementor-widget elementor-widget-text-editor\" data-id=\"d22d8a0\" data-element_type=\"widget\" data-e-type=\"widget\" data-widget_type=\"text-editor.default\">\n\t\t\t\t<div class=\"elementor-widget-container\">\n\t\t\t\t\t\t\t\t\t<p>Together, we are today over 50 municipalities, from north to south, who use the system and collaborate to develop the system further.<\/p><p>Det kommunala bolaget Kompetensspridning i Ume\u00e5 AB ansvarar f\u00f6r f\u00f6rs\u00e4ljning och utveckling, med st\u00f6d fr\u00e5n Ume\u00e5 kommun. Vill du veta mer om tj\u00e4nsten, kontakta Fredrik R\u00f6st enligt uppgifter till h\u00f6ger<\/p>\t\t\t\t\t\t\t\t<\/div>\n\t\t\t\t<\/div>\n\t\t\t\t\t<\/div>\n\t\t<\/div>\n\t\t\t\t<div class=\"elementor-column elementor-col-33 elementor-top-column elementor-element elementor-element-7c99a4d\" data-id=\"7c99a4d\" data-element_type=\"column\" data-e-type=\"column\" data-settings=\"{&quot;background_background&quot;:&quot;classic&quot;}\">\n\t\t\t<div class=\"elementor-widget-wrap elementor-element-populated\">\n\t\t\t\t\t\t<div class=\"elementor-element elementor-element-c0b84a3 elementor-hidden-desktop elementor-hidden-tablet elementor-hidden-phone elementor-widget elementor-widget-image\" data-id=\"c0b84a3\" data-element_type=\"widget\" data-e-type=\"widget\" data-widget_type=\"image.default\">\n\t\t\t\t<div class=\"elementor-widget-container\">\n\t\t\t\t\t\t\t\t\t\t\t\t\t\t\t<img decoding=\"async\" width=\"214\" height=\"74\" src=\"https:\/\/www.ukf.umea.se\/wp-content\/uploads\/2021\/03\/EUlogga-214.png\" class=\"attachment-large size-large wp-image-1284\" alt=\"\" srcset=\"https:\/\/www.ukf.umea.se\/wp-content\/uploads\/2021\/03\/EUlogga-214.png 214w, https:\/\/www.ukf.umea.se\/wp-content\/uploads\/2021\/03\/EUlogga-214-16x6.png 16w\" sizes=\"(max-width: 214px) 100vw, 214px\" \/>\t\t\t\t\t\t\t\t\t\t\t\t\t\t\t<\/div>\n\t\t\t\t<\/div>\n\t\t\t\t<div class=\"elementor-element elementor-element-77d452f elementor-hidden-desktop elementor-hidden-tablet elementor-hidden-phone elementor-widget elementor-widget-image\" data-id=\"77d452f\" data-element_type=\"widget\" data-e-type=\"widget\" data-widget_type=\"image.default\">\n\t\t\t\t<div class=\"elementor-widget-container\">\n\t\t\t\t\t\t\t\t\t\t\t\t\t\t\t<img decoding=\"async\" width=\"214\" height=\"61\" src=\"https:\/\/www.ukf.umea.se\/wp-content\/uploads\/2021\/03\/Intrerreg-214.png\" class=\"attachment-large size-large wp-image-1285\" alt=\"\" srcset=\"https:\/\/www.ukf.umea.se\/wp-content\/uploads\/2021\/03\/Intrerreg-214.png 214w, https:\/\/www.ukf.umea.se\/wp-content\/uploads\/2021\/03\/Intrerreg-214-16x5.png 16w\" sizes=\"(max-width: 214px) 100vw, 214px\" \/>\t\t\t\t\t\t\t\t\t\t\t\t\t\t\t<\/div>\n\t\t\t\t<\/div>\n\t\t\t\t<div class=\"elementor-element elementor-element-9bb4c45 elementor-hidden-desktop elementor-hidden-tablet elementor-hidden-phone elementor-widget elementor-widget-image\" data-id=\"9bb4c45\" data-element_type=\"widget\" data-e-type=\"widget\" data-widget_type=\"image.default\">\n\t\t\t\t<div class=\"elementor-widget-container\">\n\t\t\t\t\t\t\t\t\t\t\t\t\t\t\t<img loading=\"lazy\" decoding=\"async\" width=\"213\" height=\"49\" src=\"https:\/\/www.ukf.umea.se\/wp-content\/uploads\/2021\/03\/RV_Logo_Liggande_300dpi_RGB.png\" class=\"attachment-large size-large wp-image-1291\" alt=\"\" srcset=\"https:\/\/www.ukf.umea.se\/wp-content\/uploads\/2021\/03\/RV_Logo_Liggande_300dpi_RGB.png 213w, https:\/\/www.ukf.umea.se\/wp-content\/uploads\/2021\/03\/RV_Logo_Liggande_300dpi_RGB-16x4.png 16w\" sizes=\"(max-width: 213px) 100vw, 213px\" \/>\t\t\t\t\t\t\t\t\t\t\t\t\t\t\t<\/div>\n\t\t\t\t<\/div>\n\t\t\t\t<div class=\"elementor-element elementor-element-3bde0db elementor-widget-divider--view-line_text elementor-widget-divider--element-align-left elementor-widget elementor-widget-divider\" data-id=\"3bde0db\" data-element_type=\"widget\" data-e-type=\"widget\" data-widget_type=\"divider.default\">\n\t\t\t\t<div class=\"elementor-widget-container\">\n\t\t\t\t\t\t\t<div class=\"elementor-divider\">\n\t\t\t<span class=\"elementor-divider-separator\">\n\t\t\t\t\t\t\t<h2 class=\"elementor-divider__text elementor-divider__element\">\n\t\t\t\tContact\t\t\t\t<\/h2>\n\t\t\t\t\t\t<\/span>\n\t\t<\/div>\n\t\t\t\t\t\t<\/div>\n\t\t\t\t<\/div>\n\t\t\t\t<div class=\"elementor-element elementor-element-96d207a elementor-widget elementor-widget-text-editor\" data-id=\"96d207a\" data-element_type=\"widget\" data-e-type=\"widget\" data-widget_type=\"text-editor.default\">\n\t\t\t\t<div class=\"elementor-widget-container\">\n\t\t\t\t\t\t\t\t\t<p><strong>User questions:<\/strong><br \/><a href=\"tel:090-16 16 60\">090-16 16 60<\/a> (press 2) or send an e-mail to <a href=\"mailto:apn@umea.se\">apn@umea.se<\/a>.<\/p><p><strong>Questions about grants or regulations:<\/strong><br \/>Contact the grant administrator at your municipality.<\/p><p><strong>Questions about system:<\/strong><br \/>Fredrik R\u00f6st<br \/>Ume\u00e5 kommun, fritid<br \/><a href=\"https:\/\/www.ukf.umea.se\/en\/kompetensspridning\/aktivitetskortet-apn\/\">090-16 16 57<\/a><br \/><a href=\"mailto:fredrik.rost@umea.se\">fredrik.rost@umea.se<\/a><\/p>\t\t\t\t\t\t\t\t<\/div>\n\t\t\t\t<\/div>\n\t\t\t\t<div class=\"elementor-element elementor-element-b858182 elementor-widget-divider--view-line_text elementor-widget-divider--element-align-left elementor-widget elementor-widget-divider\" data-id=\"b858182\" data-element_type=\"widget\" data-e-type=\"widget\" data-widget_type=\"divider.default\">\n\t\t\t\t<div class=\"elementor-widget-container\">\n\t\t\t\t\t\t\t<div class=\"elementor-divider\">\n\t\t\t<span class=\"elementor-divider-separator\">\n\t\t\t\t\t\t\t<h2 class=\"elementor-divider__text elementor-divider__element\">\n\t\t\t\tManuals\t\t\t\t<\/h2>\n\t\t\t\t\t\t<\/span>\n\t\t<\/div>\n\t\t\t\t\t\t<\/div>\n\t\t\t\t<\/div>\n\t\t\t\t<div class=\"elementor-element elementor-element-3ad02a4 elementor-icon-list--layout-traditional elementor-list-item-link-full_width elementor-widget elementor-widget-icon-list\" data-id=\"3ad02a4\" data-element_type=\"widget\" data-e-type=\"widget\" data-widget_type=\"icon-list.default\">\n\t\t\t\t<div class=\"elementor-widget-container\">\n\t\t\t\t\t\t\t<ul class=\"elementor-icon-list-items\">\n\t\t\t\t\t\t\t<li class=\"elementor-icon-list-item\">\n\t\t\t\t\t\t\t\t\t\t\t<a href=\"https:\/\/guider.nu\/umea\/2991.guide\">\n\n\t\t\t\t\t\t\t\t\t\t\t\t<span class=\"elementor-icon-list-icon\">\n\t\t\t\t\t\t\t<i aria-hidden=\"true\" class=\"fas fa-external-link-alt\"><\/i>\t\t\t\t\t\t<\/span>\n\t\t\t\t\t\t\t\t\t\t<span class=\"elementor-icon-list-text\">Manuals for APN<\/span>\n\t\t\t\t\t\t\t\t\t\t\t<\/a>\n\t\t\t\t\t\t\t\t\t<\/li>\n\t\t\t\t\t\t\t\t<li class=\"elementor-icon-list-item\">\n\t\t\t\t\t\t\t\t\t\t\t<a href=\"https:\/\/aktivitetskort.se\/\">\n\n\t\t\t\t\t\t\t\t\t\t\t\t<span class=\"elementor-icon-list-icon\">\n\t\t\t\t\t\t\t<i aria-hidden=\"true\" class=\"fas fa-external-link-alt\"><\/i>\t\t\t\t\t\t<\/span>\n\t\t\t\t\t\t\t\t\t\t<span class=\"elementor-icon-list-text\">Link to APN: aktivitetskort.se<\/span>\n\t\t\t\t\t\t\t\t\t\t\t<\/a>\n\t\t\t\t\t\t\t\t\t<\/li>\n\t\t\t\t\t\t<\/ul>\n\t\t\t\t\t\t<\/div>\n\t\t\t\t<\/div>\n\t\t\t\t<div class=\"elementor-element elementor-element-0c1d4f8 elementor-widget-divider--view-line_text elementor-widget-divider--element-align-left elementor-widget elementor-widget-divider\" data-id=\"0c1d4f8\" data-element_type=\"widget\" data-e-type=\"widget\" data-widget_type=\"divider.default\">\n\t\t\t\t<div class=\"elementor-widget-container\">\n\t\t\t\t\t\t\t<div class=\"elementor-divider\">\n\t\t\t<span class=\"elementor-divider-separator\">\n\t\t\t\t\t\t\t<h2 class=\"elementor-divider__text elementor-divider__element\">\n\t\t\t\tFor mobile\t\t\t\t<\/h2>\n\t\t\t\t\t\t<\/span>\n\t\t<\/div>\n\t\t\t\t\t\t<\/div>\n\t\t\t\t<\/div>\n\t\t\t\t<div class=\"elementor-element elementor-element-a01befd elementor-widget elementor-widget-heading\" data-id=\"a01befd\" data-element_type=\"widget\" data-e-type=\"widget\" data-widget_type=\"heading.default\">\n\t\t\t\t<div class=\"elementor-widget-container\">\n\t\t\t\t\t<span class=\"elementor-heading-title elementor-size-default\">Register new activities through APN's mobile-friendly interface:<\/span>\t\t\t\t<\/div>\n\t\t\t\t<\/div>\n\t\t\t\t<div class=\"elementor-element elementor-element-40668df elementor-icon-list--layout-traditional elementor-list-item-link-full_width elementor-widget elementor-widget-icon-list\" data-id=\"40668df\" data-element_type=\"widget\" data-e-type=\"widget\" data-widget_type=\"icon-list.default\">\n\t\t\t\t<div class=\"elementor-widget-container\">\n\t\t\t\t\t\t\t<ul class=\"elementor-icon-list-items\">\n\t\t\t\t\t\t\t<li class=\"elementor-icon-list-item\">\n\t\t\t\t\t\t\t\t\t\t\t<a href=\"https:\/\/aktivitetskort.se\/m\/\">\n\n\t\t\t\t\t\t\t\t\t\t\t\t<span class=\"elementor-icon-list-icon\">\n\t\t\t\t\t\t\t<i aria-hidden=\"true\" class=\"fas fa-external-link-alt\"><\/i>\t\t\t\t\t\t<\/span>\n\t\t\t\t\t\t\t\t\t\t<span class=\"elementor-icon-list-text\">aktivitetskort.se\/m<\/span>\n\t\t\t\t\t\t\t\t\t\t\t<\/a>\n\t\t\t\t\t\t\t\t\t<\/li>\n\t\t\t\t\t\t<\/ul>\n\t\t\t\t\t\t<\/div>\n\t\t\t\t<\/div>\n\t\t\t\t\t<\/div>\n\t\t<\/div>\n\t\t\t\t\t<\/div>\n\t\t<\/section>\n\t\t\t\t<\/div>","protected":false},"excerpt":{"rendered":"<p>APN &#8211; ett aktivitetskort p\u00e5 n\u00e4tet APN \u00e4r en tj\u00e4nst f\u00f6r n\u00e4rvaroregistrering av bidragsgrundande aktiviteter, som automatiskt r\u00e4knar ut hur mycket bidrag en f\u00f6rening \u00e4r ber\u00e4ttigad till enligt kommunens regelverk. F\u00f6r kommunen skapar APN en l\u00e4tt\u00f6versk\u00e5dlig sammanst\u00e4llning \u00f6ver l\u00e4get f\u00f6r alla f\u00f6reningar vid varje given tidpunkt, genom att ers\u00e4tta den gamla tids\u00f6dande pappersredovisningen. Genom samarbete [&hellip;]<\/p>\n","protected":false},"author":1,"featured_media":0,"parent":0,"menu_order":0,"comment_status":"closed","ping_status":"closed","template":"","meta":{"_acf_changed":false,"inline_featured_image":false,"footnotes":""},"class_list":["post-1351","page","type-page","status-publish","hentry"],"acf":[],"yoast_head":"<!-- This site is optimized with the Yoast SEO plugin v27.6 - https:\/\/yoast.com\/product\/yoast-seo-wordpress\/ -->\n<title>Aktivitetskortet APN - Kompetensspridning i Ume\u00e5 AB<\/title>\n<meta name=\"robots\" content=\"index, follow, max-snippet:-1, max-image-preview:large, max-video-preview:-1\" \/>\n<link rel=\"canonical\" href=\"https:\/\/www.ukf.umea.se\/en\/kompetensspridning__trashed\/aktivitetskortet-apn\/\" \/>\n<meta property=\"og:locale\" content=\"en_US\" \/>\n<meta property=\"og:type\" content=\"article\" \/>\n<meta property=\"og:title\" content=\"Aktivitetskortet APN - Kompetensspridning i Ume\u00e5 AB\" \/>\n<meta property=\"og:description\" content=\"APN &#8211; ett aktivitetskort p\u00e5 n\u00e4tet APN \u00e4r en tj\u00e4nst f\u00f6r n\u00e4rvaroregistrering av bidragsgrundande aktiviteter, som automatiskt r\u00e4knar ut hur mycket bidrag en f\u00f6rening \u00e4r ber\u00e4ttigad till enligt kommunens regelverk. F\u00f6r kommunen skapar APN en l\u00e4tt\u00f6versk\u00e5dlig sammanst\u00e4llning \u00f6ver l\u00e4get f\u00f6r alla f\u00f6reningar vid varje given tidpunkt, genom att ers\u00e4tta den gamla tids\u00f6dande pappersredovisningen. Genom samarbete [&hellip;]\" \/>\n<meta property=\"og:url\" content=\"https:\/\/www.ukf.umea.se\/en\/kompetensspridning__trashed\/aktivitetskortet-apn\/\" \/>\n<meta property=\"og:site_name\" content=\"Ume\u00e5 Kommunf\u00f6retag AB\" \/>\n<meta property=\"article:modified_time\" content=\"2025-05-07T05:54:54+00:00\" \/>\n<meta property=\"og:image\" content=\"https:\/\/ukf.umea.se\/wp-content\/uploads\/2021\/03\/kanot_barn.jpg\" \/>\n<meta name=\"twitter:card\" content=\"summary_large_image\" \/>\n<meta name=\"twitter:label1\" content=\"Est. reading time\" \/>\n\t<meta name=\"twitter:data1\" content=\"2 minutes\" \/>\n<script type=\"application\/ld+json\" class=\"yoast-schema-graph\">{\"@context\":\"https:\\\/\\\/schema.org\",\"@graph\":[{\"@type\":\"WebPage\",\"@id\":\"https:\\\/\\\/www.ukf.umea.se\\\/kompetensspridning__trashed\\\/aktivitetskortet-apn\\\/\",\"url\":\"https:\\\/\\\/www.ukf.umea.se\\\/kompetensspridning__trashed\\\/aktivitetskortet-apn\\\/\",\"name\":\"Aktivitetskortet APN - Kompetensspridning i Ume\u00e5 AB\",\"isPartOf\":{\"@id\":\"https:\\\/\\\/www.ukf.umea.se\\\/#website\"},\"primaryImageOfPage\":{\"@id\":\"https:\\\/\\\/www.ukf.umea.se\\\/kompetensspridning__trashed\\\/aktivitetskortet-apn\\\/#primaryimage\"},\"image\":{\"@id\":\"https:\\\/\\\/www.ukf.umea.se\\\/kompetensspridning__trashed\\\/aktivitetskortet-apn\\\/#primaryimage\"},\"thumbnailUrl\":\"https:\\\/\\\/ukf.umea.se\\\/wp-content\\\/uploads\\\/2021\\\/03\\\/kanot_barn.jpg\",\"datePublished\":\"2021-03-24T10:09:23+00:00\",\"dateModified\":\"2025-05-07T05:54:54+00:00\",\"breadcrumb\":{\"@id\":\"https:\\\/\\\/www.ukf.umea.se\\\/kompetensspridning__trashed\\\/aktivitetskortet-apn\\\/#breadcrumb\"},\"inLanguage\":\"en-US\",\"potentialAction\":[{\"@type\":\"ReadAction\",\"target\":[\"https:\\\/\\\/www.ukf.umea.se\\\/kompetensspridning__trashed\\\/aktivitetskortet-apn\\\/\"]}]},{\"@type\":\"ImageObject\",\"inLanguage\":\"en-US\",\"@id\":\"https:\\\/\\\/www.ukf.umea.se\\\/kompetensspridning__trashed\\\/aktivitetskortet-apn\\\/#primaryimage\",\"url\":\"https:\\\/\\\/ukf.umea.se\\\/wp-content\\\/uploads\\\/2021\\\/03\\\/kanot_barn.jpg\",\"contentUrl\":\"https:\\\/\\\/ukf.umea.se\\\/wp-content\\\/uploads\\\/2021\\\/03\\\/kanot_barn.jpg\"},{\"@type\":\"BreadcrumbList\",\"@id\":\"https:\\\/\\\/www.ukf.umea.se\\\/kompetensspridning__trashed\\\/aktivitetskortet-apn\\\/#breadcrumb\",\"itemListElement\":[{\"@type\":\"ListItem\",\"position\":1,\"name\":\"Hem\",\"item\":\"https:\\\/\\\/www.ukf.umea.se\\\/\"},{\"@type\":\"ListItem\",\"position\":2,\"name\":\"Aktivitetskortet APN &#8211; Kompetensspridning i Ume\u00e5 AB\"}]},{\"@type\":\"WebSite\",\"@id\":\"https:\\\/\\\/www.ukf.umea.se\\\/#website\",\"url\":\"https:\\\/\\\/www.ukf.umea.se\\\/\",\"name\":\"Ume\u00e5 Kommunf\u00f6retag AB\",\"description\":\"Moderbolag f\u00f6r Ume\u00e5 Kommuns bolag\",\"publisher\":{\"@id\":\"https:\\\/\\\/www.ukf.umea.se\\\/#organization\"},\"potentialAction\":[{\"@type\":\"SearchAction\",\"target\":{\"@type\":\"EntryPoint\",\"urlTemplate\":\"https:\\\/\\\/www.ukf.umea.se\\\/?s={search_term_string}\"},\"query-input\":{\"@type\":\"PropertyValueSpecification\",\"valueRequired\":true,\"valueName\":\"search_term_string\"}}],\"inLanguage\":\"en-US\"},{\"@type\":\"Organization\",\"@id\":\"https:\\\/\\\/www.ukf.umea.se\\\/#organization\",\"name\":\"Ume\u00e5 Kommunf\u00f6retag AB\",\"url\":\"https:\\\/\\\/www.ukf.umea.se\\\/\",\"logo\":{\"@type\":\"ImageObject\",\"inLanguage\":\"en-US\",\"@id\":\"https:\\\/\\\/www.ukf.umea.se\\\/#\\\/schema\\\/logo\\\/image\\\/\",\"url\":\"https:\\\/\\\/ukf.umea.se\\\/wp-content\\\/uploads\\\/2021\\\/02\\\/UKF_A_RGB.jpg\",\"contentUrl\":\"https:\\\/\\\/ukf.umea.se\\\/wp-content\\\/uploads\\\/2021\\\/02\\\/UKF_A_RGB.jpg\",\"width\":875,\"height\":191,\"caption\":\"Ume\u00e5 Kommunf\u00f6retag AB\"},\"image\":{\"@id\":\"https:\\\/\\\/www.ukf.umea.se\\\/#\\\/schema\\\/logo\\\/image\\\/\"},\"sameAs\":[\"https:\\\/\\\/sv.wikipedia.org\\\/wiki\\\/Ume\u00e5_Kommunf\u00f6retag\"]}]}<\/script>\n<!-- \/ Yoast SEO plugin. -->","yoast_head_json":{"title":"Aktivitetskortet APN - Kompetensspridning i Ume\u00e5 AB","robots":{"index":"index","follow":"follow","max-snippet":"max-snippet:-1","max-image-preview":"max-image-preview:large","max-video-preview":"max-video-preview:-1"},"canonical":"https:\/\/www.ukf.umea.se\/en\/kompetensspridning__trashed\/aktivitetskortet-apn\/","og_locale":"en_US","og_type":"article","og_title":"Aktivitetskortet APN - Kompetensspridning i Ume\u00e5 AB","og_description":"APN &#8211; ett aktivitetskort p\u00e5 n\u00e4tet APN \u00e4r en tj\u00e4nst f\u00f6r n\u00e4rvaroregistrering av bidragsgrundande aktiviteter, som automatiskt r\u00e4knar ut hur mycket bidrag en f\u00f6rening \u00e4r ber\u00e4ttigad till enligt kommunens regelverk. F\u00f6r kommunen skapar APN en l\u00e4tt\u00f6versk\u00e5dlig sammanst\u00e4llning \u00f6ver l\u00e4get f\u00f6r alla f\u00f6reningar vid varje given tidpunkt, genom att ers\u00e4tta den gamla tids\u00f6dande pappersredovisningen. Genom samarbete [&hellip;]","og_url":"https:\/\/www.ukf.umea.se\/en\/kompetensspridning__trashed\/aktivitetskortet-apn\/","og_site_name":"Ume\u00e5 Kommunf\u00f6retag AB","article_modified_time":"2025-05-07T05:54:54+00:00","og_image":[{"url":"https:\/\/ukf.umea.se\/wp-content\/uploads\/2021\/03\/kanot_barn.jpg","type":"","width":"","height":""}],"twitter_card":"summary_large_image","twitter_misc":{"Est. reading time":"2 minutes"},"schema":{"@context":"https:\/\/schema.org","@graph":[{"@type":"WebPage","@id":"https:\/\/www.ukf.umea.se\/kompetensspridning__trashed\/aktivitetskortet-apn\/","url":"https:\/\/www.ukf.umea.se\/kompetensspridning__trashed\/aktivitetskortet-apn\/","name":"Aktivitetskortet APN - Kompetensspridning i Ume\u00e5 AB","isPartOf":{"@id":"https:\/\/www.ukf.umea.se\/#website"},"primaryImageOfPage":{"@id":"https:\/\/www.ukf.umea.se\/kompetensspridning__trashed\/aktivitetskortet-apn\/#primaryimage"},"image":{"@id":"https:\/\/www.ukf.umea.se\/kompetensspridning__trashed\/aktivitetskortet-apn\/#primaryimage"},"thumbnailUrl":"https:\/\/ukf.umea.se\/wp-content\/uploads\/2021\/03\/kanot_barn.jpg","datePublished":"2021-03-24T10:09:23+00:00","dateModified":"2025-05-07T05:54:54+00:00","breadcrumb":{"@id":"https:\/\/www.ukf.umea.se\/kompetensspridning__trashed\/aktivitetskortet-apn\/#breadcrumb"},"inLanguage":"en-US","potentialAction":[{"@type":"ReadAction","target":["https:\/\/www.ukf.umea.se\/kompetensspridning__trashed\/aktivitetskortet-apn\/"]}]},{"@type":"ImageObject","inLanguage":"en-US","@id":"https:\/\/www.ukf.umea.se\/kompetensspridning__trashed\/aktivitetskortet-apn\/#primaryimage","url":"https:\/\/ukf.umea.se\/wp-content\/uploads\/2021\/03\/kanot_barn.jpg","contentUrl":"https:\/\/ukf.umea.se\/wp-content\/uploads\/2021\/03\/kanot_barn.jpg"},{"@type":"BreadcrumbList","@id":"https:\/\/www.ukf.umea.se\/kompetensspridning__trashed\/aktivitetskortet-apn\/#breadcrumb","itemListElement":[{"@type":"ListItem","position":1,"name":"Hem","item":"https:\/\/www.ukf.umea.se\/"},{"@type":"ListItem","position":2,"name":"Aktivitetskortet APN &#8211; Kompetensspridning i Ume\u00e5 AB"}]},{"@type":"WebSite","@id":"https:\/\/www.ukf.umea.se\/#website","url":"https:\/\/www.ukf.umea.se\/","name":"Ume\u00e5 Kommunf\u00f6retag AB","description":"Moderbolag f\u00f6r Ume\u00e5 Kommuns bolag","publisher":{"@id":"https:\/\/www.ukf.umea.se\/#organization"},"potentialAction":[{"@type":"SearchAction","target":{"@type":"EntryPoint","urlTemplate":"https:\/\/www.ukf.umea.se\/?s={search_term_string}"},"query-input":{"@type":"PropertyValueSpecification","valueRequired":true,"valueName":"search_term_string"}}],"inLanguage":"en-US"},{"@type":"Organization","@id":"https:\/\/www.ukf.umea.se\/#organization","name":"Ume\u00e5 Kommunf\u00f6retag AB","url":"https:\/\/www.ukf.umea.se\/","logo":{"@type":"ImageObject","inLanguage":"en-US","@id":"https:\/\/www.ukf.umea.se\/#\/schema\/logo\/image\/","url":"https:\/\/ukf.umea.se\/wp-content\/uploads\/2021\/02\/UKF_A_RGB.jpg","contentUrl":"https:\/\/ukf.umea.se\/wp-content\/uploads\/2021\/02\/UKF_A_RGB.jpg","width":875,"height":191,"caption":"Ume\u00e5 Kommunf\u00f6retag AB"},"image":{"@id":"https:\/\/www.ukf.umea.se\/#\/schema\/logo\/image\/"},"sameAs":["https:\/\/sv.wikipedia.org\/wiki\/Ume\u00e5_Kommunf\u00f6retag"]}]}},"_links":{"self":[{"href":"https:\/\/www.ukf.umea.se\/en\/wp-json\/wp\/v2\/pages\/1351","targetHints":{"allow":["GET"]}}],"collection":[{"href":"https:\/\/www.ukf.umea.se\/en\/wp-json\/wp\/v2\/pages"}],"about":[{"href":"https:\/\/www.ukf.umea.se\/en\/wp-json\/wp\/v2\/types\/page"}],"author":[{"embeddable":true,"href":"https:\/\/www.ukf.umea.se\/en\/wp-json\/wp\/v2\/users\/1"}],"replies":[{"embeddable":true,"href":"https:\/\/www.ukf.umea.se\/en\/wp-json\/wp\/v2\/comments?post=1351"}],"version-history":[{"count":37,"href":"https:\/\/www.ukf.umea.se\/en\/wp-json\/wp\/v2\/pages\/1351\/revisions"}],"predecessor-version":[{"id":1564,"href":"https:\/\/www.ukf.umea.se\/en\/wp-json\/wp\/v2\/pages\/1351\/revisions\/1564"}],"wp:attachment":[{"href":"https:\/\/www.ukf.umea.se\/en\/wp-json\/wp\/v2\/media?parent=1351"}],"curies":[{"name":"wp","href":"https:\/\/api.w.org\/{rel}","templated":true}]}}