{"id":308,"date":"2021-02-17T10:38:09","date_gmt":"2021-02-17T09:38:09","guid":{"rendered":"http:\/\/ukf.hemsida.eu\/?page_id=308"},"modified":"2026-01-28T13:54:54","modified_gmt":"2026-01-28T12:54:54","slug":"om-oss","status":"publish","type":"page","link":"https:\/\/www.ukf.umea.se\/en\/om-oss\/","title":{"rendered":"About us"},"content":{"rendered":"<div data-elementor-type=\"wp-page\" data-elementor-id=\"308\" class=\"elementor elementor-308\" data-elementor-post-type=\"page\">\n\t\t\t\t\t\t<section class=\"elementor-section elementor-top-section elementor-element elementor-element-86af37c elementor-section-boxed elementor-section-height-default elementor-section-height-default\" data-id=\"86af37c\" data-element_type=\"section\" data-e-type=\"section\">\n\t\t\t\t\t\t<div class=\"elementor-container elementor-column-gap-default\">\n\t\t\t\t\t<div class=\"elementor-column elementor-col-100 elementor-top-column elementor-element elementor-element-36c537c\" data-id=\"36c537c\" data-element_type=\"column\" data-e-type=\"column\">\n\t\t\t<div class=\"elementor-widget-wrap elementor-element-populated\">\n\t\t\t\t\t\t<div class=\"elementor-element elementor-element-41e0719 elementor-widget elementor-widget-heading\" data-id=\"41e0719\" data-element_type=\"widget\" data-e-type=\"widget\" data-widget_type=\"heading.default\">\n\t\t\t\t<div class=\"elementor-widget-container\">\n\t\t\t\t\t<h1 class=\"elementor-heading-title elementor-size-default\">About Ume\u00e5 Kommunf\u00f6retag<\/h1>\t\t\t\t<\/div>\n\t\t\t\t<\/div>\n\t\t\t\t<div class=\"elementor-element elementor-element-785fc39 elementor-widget elementor-widget-text-editor\" data-id=\"785fc39\" data-element_type=\"widget\" data-e-type=\"widget\" data-widget_type=\"text-editor.default\">\n\t\t\t\t<div class=\"elementor-widget-container\">\n\t\t\t\t\t\t\t\t\t<p>Ume\u00e5 Kommunf\u00f6retag, UKF, is the parent company for all Ume\u00e5 municipality&#039;s limited companies. The municipally owned<br \/>the companies conduct activities that deliver services and services to the municipality&#039;s residents; housing, water supply, sewerage, sanitation, energy, port facilities, parking and cultural facilities. Examples of companies<br \/>which are part of the group are Ume\u00e5 Energi, VAKIN \/ UMEVA, Bostaden, INAB and V\u00e4sterbotten&#039;s museum.<\/p>\t\t\t\t\t\t\t\t<\/div>\n\t\t\t\t<\/div>\n\t\t\t\t<div class=\"elementor-element elementor-element-a8019d9 elementor-widget elementor-widget-text-editor\" data-id=\"a8019d9\" data-element_type=\"widget\" data-e-type=\"widget\" data-widget_type=\"text-editor.default\">\n\t\t\t\t<div class=\"elementor-widget-container\">\n\t\t\t\t\t\t\t\t\t<h2>The profits are distributed between the companies<\/h2><p>The companies owned by the municipality to 25 percent or more are subject to the parent company&#039;s directive. The Group&#039;s mission also includes assisting companies with corporate management, training and financing issues. All companies live on their own income, ie without tax income. Any profit goes back to the customers in the form of maintenance and development. A company that makes a profit contributes to other activities under the company hat that are not as lucrative, for example to public transport.<\/p><p>- The idea of municipal companies has existed since the 80s. Some companies close down and disappear, while new ones keep popping up. The companies have good times now, they deliver what is expected according to the instructions. Here in Ume\u00e5, we are also far ahead when it comes to sustainability. Environmental thinking is widespread throughout the municipality.<\/p>\t\t\t\t\t\t\t\t<\/div>\n\t\t\t\t<\/div>\n\t\t\t\t<div class=\"elementor-element elementor-element-7470d1f elementor-widget elementor-widget-text-editor\" data-id=\"7470d1f\" data-element_type=\"widget\" data-e-type=\"widget\" data-widget_type=\"text-editor.default\">\n\t\t\t\t<div class=\"elementor-widget-container\">\n\t\t\t\t\t\t\t\t\t<h2>Business<\/h2><p>Fredrik Lundberg, President and CEO, describes it as Ume\u00e5 Kommunf\u00f6retag resting on four important pillars: public transport, young entrepreneurship, the administration of the group and the ownership of the subsidiaries.<\/p><p>\u2014 Det f\u00f6rsta benet \u00e4r ansvaret f\u00f6r att kollektivtrafiken fungerar p\u00e5 ett tillfredsst\u00e4llande s\u00e4tt. Vi anlitar en extern leverant\u00f6r f\u00f6r dessa \u00e4ndam\u00e5l. Ett annat uppdrag \u00e4r att medverka till utvecklingen av unga entrepren\u00f6rer genom att erbjuda personal och lokaler. Denna verksamhet drivs av <a href=\"https:\/\/bicfactory.se\/\">BIC Factory<\/a> . Det tredje benet \u00e4r ledningen och det administrativa arbetet med koncernen. Och det sista men kanske st\u00f6rsta benet \u00e4r \u00e4gandet av dotterbolagen, d\u00e4r bolagskoncernen ocks\u00e5 \u00e4r internbank.<\/p>\t\t\t\t\t\t\t\t<\/div>\n\t\t\t\t<\/div>\n\t\t\t\t<div class=\"elementor-element elementor-element-686bc28 elementor-icon-list--layout-traditional elementor-list-item-link-full_width elementor-widget elementor-widget-icon-list\" data-id=\"686bc28\" data-element_type=\"widget\" data-e-type=\"widget\" data-widget_type=\"icon-list.default\">\n\t\t\t\t<div class=\"elementor-widget-container\">\n\t\t\t\t\t\t\t<ul class=\"elementor-icon-list-items\">\n\t\t\t\t\t\t\t<li class=\"elementor-icon-list-item\">\n\t\t\t\t\t\t\t\t\t\t\t<a href=\"https:\/\/www.ukf.umea.se\/wp-content\/uploads\/2026\/01\/UKF-Organsation-2026.pdf\" target=\"_blank\">\n\n\t\t\t\t\t\t\t\t\t\t\t\t<span class=\"elementor-icon-list-icon\">\n\t\t\t\t\t\t\t<i aria-hidden=\"true\" class=\"fas fa-file-pdf\"><\/i>\t\t\t\t\t\t<\/span>\n\t\t\t\t\t\t\t\t\t\t<span class=\"elementor-icon-list-text\">Business and Ownership (.PDF file)<\/span>\n\t\t\t\t\t\t\t\t\t\t\t<\/a>\n\t\t\t\t\t\t\t\t\t<\/li>\n\t\t\t\t\t\t\t\t<li class=\"elementor-icon-list-item\">\n\t\t\t\t\t\t\t\t\t\t\t<a href=\"https:\/\/ukf.umea.se\/wp-content\/uploads\/2022\/05\/Bolagsordning-Umea-Kommunforetag-AB-beslutad-av-KF.pdf\" target=\"_blank\">\n\n\t\t\t\t\t\t\t\t\t\t\t\t<span class=\"elementor-icon-list-icon\">\n\t\t\t\t\t\t\t<i aria-hidden=\"true\" class=\"fas fa-file-pdf\"><\/i>\t\t\t\t\t\t<\/span>\n\t\t\t\t\t\t\t\t\t\t<span class=\"elementor-icon-list-text\">Bolagsordning Ume\u00e5 Kommunf\u00f6retag AB (.PDF-fil)<\/span>\n\t\t\t\t\t\t\t\t\t\t\t<\/a>\n\t\t\t\t\t\t\t\t\t<\/li>\n\t\t\t\t\t\t\t\t<li class=\"elementor-icon-list-item\">\n\t\t\t\t\t\t\t\t\t\t\t<a href=\"https:\/\/ukf.umea.se\/wp-content\/uploads\/2022\/05\/Sarskilda-agardirektiv-Umea-Kommundforetag-AB-beslutade-av-KF.pdf\" target=\"_blank\">\n\n\t\t\t\t\t\t\t\t\t\t\t\t<span class=\"elementor-icon-list-icon\">\n\t\t\t\t\t\t\t<i aria-hidden=\"true\" class=\"fas fa-file-pdf\"><\/i>\t\t\t\t\t\t<\/span>\n\t\t\t\t\t\t\t\t\t\t<span class=\"elementor-icon-list-text\">S\u00e4rskilda \u00e4gardirektiv Ume\u00e5 Kommunf\u00f6retag AB (.PDF-fil)<\/span>\n\t\t\t\t\t\t\t\t\t\t\t<\/a>\n\t\t\t\t\t\t\t\t\t<\/li>\n\t\t\t\t\t\t\t\t<li class=\"elementor-icon-list-item\">\n\t\t\t\t\t\t\t\t\t\t\t<a href=\"https:\/\/www.ukf.umea.se\/wp-content\/uploads\/2025\/09\/Generella-agardirektiv-reviderade-av-KF-2025-04-28.pdf\" target=\"_blank\">\n\n\t\t\t\t\t\t\t\t\t\t\t\t<span class=\"elementor-icon-list-icon\">\n\t\t\t\t\t\t\t<i aria-hidden=\"true\" class=\"fas fa-file-pdf\"><\/i>\t\t\t\t\t\t<\/span>\n\t\t\t\t\t\t\t\t\t\t<span class=\"elementor-icon-list-text\">Generella \u00e4gardirektiv (.PDF-fil)<\/span>\n\t\t\t\t\t\t\t\t\t\t\t<\/a>\n\t\t\t\t\t\t\t\t\t<\/li>\n\t\t\t\t\t\t\t\t<li class=\"elementor-icon-list-item\">\n\t\t\t\t\t\t\t\t\t\t\t<a href=\"https:\/\/ukf.umea.se\/wp-content\/uploads\/2022\/10\/Visselblasarfunktion-20221024.pdf\" target=\"_blank\">\n\n\t\t\t\t\t\t\t\t\t\t\t\t<span class=\"elementor-icon-list-icon\">\n\t\t\t\t\t\t\t<i aria-hidden=\"true\" class=\"fas fa-file-pdf\"><\/i>\t\t\t\t\t\t<\/span>\n\t\t\t\t\t\t\t\t\t\t<span class=\"elementor-icon-list-text\">Visselbl\u00e5sarfunktion (.PDF-fil)<\/span>\n\t\t\t\t\t\t\t\t\t\t\t<\/a>\n\t\t\t\t\t\t\t\t\t<\/li>\n\t\t\t\t\t\t<\/ul>\n\t\t\t\t\t\t<\/div>\n\t\t\t\t<\/div>\n\t\t\t\t<div class=\"elementor-element elementor-element-2f560f4 elementor-widget elementor-widget-spacer\" data-id=\"2f560f4\" data-element_type=\"widget\" data-e-type=\"widget\" data-widget_type=\"spacer.default\">\n\t\t\t\t<div class=\"elementor-widget-container\">\n\t\t\t\t\t\t\t<div class=\"elementor-spacer\">\n\t\t\t<div class=\"elementor-spacer-inner\"><\/div>\n\t\t<\/div>\n\t\t\t\t\t\t<\/div>\n\t\t\t\t<\/div>\n\t\t\t\t<section class=\"elementor-section elementor-inner-section elementor-element elementor-element-ecb8228 elementor-section-boxed elementor-section-height-default elementor-section-height-default\" data-id=\"ecb8228\" data-element_type=\"section\" data-e-type=\"section\">\n\t\t\t\t\t\t<div class=\"elementor-container elementor-column-gap-default\">\n\t\t\t\t\t<div class=\"elementor-column elementor-col-25 elementor-inner-column elementor-element elementor-element-01c1423\" data-id=\"01c1423\" data-element_type=\"column\" data-e-type=\"column\">\n\t\t\t<div class=\"elementor-widget-wrap elementor-element-populated\">\n\t\t\t\t\t\t<div class=\"elementor-element elementor-element-8df8af7 elementor-view-default elementor-widget elementor-widget-icon\" data-id=\"8df8af7\" data-element_type=\"widget\" data-e-type=\"widget\" data-widget_type=\"icon.default\">\n\t\t\t\t<div class=\"elementor-widget-container\">\n\t\t\t\t\t\t\t<div class=\"elementor-icon-wrapper\">\n\t\t\t<div class=\"elementor-icon\">\n\t\t\t<i aria-hidden=\"true\" class=\"fas fa-bus\"><\/i>\t\t\t<\/div>\n\t\t<\/div>\n\t\t\t\t\t\t<\/div>\n\t\t\t\t<\/div>\n\t\t\t\t<div class=\"elementor-element elementor-element-4df977b elementor-widget elementor-widget-heading\" data-id=\"4df977b\" data-element_type=\"widget\" data-e-type=\"widget\" data-widget_type=\"heading.default\">\n\t\t\t\t<div class=\"elementor-widget-container\">\n\t\t\t\t\t<h2 class=\"elementor-heading-title elementor-size-default\">Public transport<\/h2>\t\t\t\t<\/div>\n\t\t\t\t<\/div>\n\t\t\t\t<div class=\"elementor-element elementor-element-812e0a7 elementor-align-center elementor-icon-list--layout-traditional elementor-list-item-link-full_width elementor-widget elementor-widget-icon-list\" data-id=\"812e0a7\" data-element_type=\"widget\" data-e-type=\"widget\" data-widget_type=\"icon-list.default\">\n\t\t\t\t<div class=\"elementor-widget-container\">\n\t\t\t\t\t\t\t<ul class=\"elementor-icon-list-items\">\n\t\t\t\t\t\t\t<li class=\"elementor-icon-list-item\">\n\t\t\t\t\t\t\t\t\t\t\t<a href=\"https:\/\/www.ukf.umea.se\/en\/om-oss\/kollektivtrafik\/\">\n\n\t\t\t\t\t\t\t\t\t\t\t<span class=\"elementor-icon-list-text\">More about public transport<\/span>\n\t\t\t\t\t\t\t\t\t\t\t<\/a>\n\t\t\t\t\t\t\t\t\t<\/li>\n\t\t\t\t\t\t<\/ul>\n\t\t\t\t\t\t<\/div>\n\t\t\t\t<\/div>\n\t\t\t\t\t<\/div>\n\t\t<\/div>\n\t\t\t\t<div class=\"elementor-column elementor-col-25 elementor-inner-column elementor-element elementor-element-5a1af8d\" data-id=\"5a1af8d\" data-element_type=\"column\" data-e-type=\"column\">\n\t\t\t<div class=\"elementor-widget-wrap elementor-element-populated\">\n\t\t\t\t\t\t<div class=\"elementor-element elementor-element-0dc4e63 elementor-view-default elementor-widget elementor-widget-icon\" data-id=\"0dc4e63\" data-element_type=\"widget\" data-e-type=\"widget\" data-widget_type=\"icon.default\">\n\t\t\t\t<div class=\"elementor-widget-container\">\n\t\t\t\t\t\t\t<div class=\"elementor-icon-wrapper\">\n\t\t\t<div class=\"elementor-icon\">\n\t\t\t<i aria-hidden=\"true\" class=\"far fa-lightbulb\"><\/i>\t\t\t<\/div>\n\t\t<\/div>\n\t\t\t\t\t\t<\/div>\n\t\t\t\t<\/div>\n\t\t\t\t<div class=\"elementor-element elementor-element-2f6bfcd elementor-widget elementor-widget-heading\" data-id=\"2f6bfcd\" data-element_type=\"widget\" data-e-type=\"widget\" data-widget_type=\"heading.default\">\n\t\t\t\t<div class=\"elementor-widget-container\">\n\t\t\t\t\t<h2 class=\"elementor-heading-title elementor-size-default\">BIC Factory - \nF\u00f6retagsinkubator f\u00f6r unga<\/h2>\t\t\t\t<\/div>\n\t\t\t\t<\/div>\n\t\t\t\t<div class=\"elementor-element elementor-element-87b8188 elementor-align-center elementor-icon-list--layout-traditional elementor-list-item-link-full_width elementor-widget elementor-widget-icon-list\" data-id=\"87b8188\" data-element_type=\"widget\" data-e-type=\"widget\" data-widget_type=\"icon-list.default\">\n\t\t\t\t<div class=\"elementor-widget-container\">\n\t\t\t\t\t\t\t<ul class=\"elementor-icon-list-items\">\n\t\t\t\t\t\t\t<li class=\"elementor-icon-list-item\">\n\t\t\t\t\t\t\t\t\t\t\t<a href=\"https:\/\/bicfactory.se\" target=\"_blank\">\n\n\t\t\t\t\t\t\t\t\t\t\t\t<span class=\"elementor-icon-list-icon\">\n\t\t\t\t\t\t\t<i aria-hidden=\"true\" class=\"fas fa-external-link-alt\"><\/i>\t\t\t\t\t\t<\/span>\n\t\t\t\t\t\t\t\t\t\t<span class=\"elementor-icon-list-text\">bicfactory.se<\/span>\n\t\t\t\t\t\t\t\t\t\t\t<\/a>\n\t\t\t\t\t\t\t\t\t<\/li>\n\t\t\t\t\t\t<\/ul>\n\t\t\t\t\t\t<\/div>\n\t\t\t\t<\/div>\n\t\t\t\t\t<\/div>\n\t\t<\/div>\n\t\t\t\t<div class=\"elementor-column elementor-col-25 elementor-inner-column elementor-element elementor-element-9b18f9e\" data-id=\"9b18f9e\" data-element_type=\"column\" data-e-type=\"column\">\n\t\t\t<div class=\"elementor-widget-wrap elementor-element-populated\">\n\t\t\t\t\t\t<div class=\"elementor-element elementor-element-51d85f8 elementor-view-default elementor-widget elementor-widget-icon\" data-id=\"51d85f8\" data-element_type=\"widget\" data-e-type=\"widget\" data-widget_type=\"icon.default\">\n\t\t\t\t<div class=\"elementor-widget-container\">\n\t\t\t\t\t\t\t<div class=\"elementor-icon-wrapper\">\n\t\t\t<div class=\"elementor-icon\">\n\t\t\t<i aria-hidden=\"true\" class=\"fas fa-users-cog\"><\/i>\t\t\t<\/div>\n\t\t<\/div>\n\t\t\t\t\t\t<\/div>\n\t\t\t\t<\/div>\n\t\t\t\t<div class=\"elementor-element elementor-element-c70ed7d elementor-widget elementor-widget-heading\" data-id=\"c70ed7d\" data-element_type=\"widget\" data-e-type=\"widget\" data-widget_type=\"heading.default\">\n\t\t\t\t<div class=\"elementor-widget-container\">\n\t\t\t\t\t<h2 class=\"elementor-heading-title elementor-size-default\">Administration, management, group-wide costs<\/h2>\t\t\t\t<\/div>\n\t\t\t\t<\/div>\n\t\t\t\t\t<\/div>\n\t\t<\/div>\n\t\t\t\t<div class=\"elementor-column elementor-col-25 elementor-inner-column elementor-element elementor-element-b5850f9\" data-id=\"b5850f9\" data-element_type=\"column\" data-e-type=\"column\">\n\t\t\t<div class=\"elementor-widget-wrap elementor-element-populated\">\n\t\t\t\t\t\t<div class=\"elementor-element elementor-element-6156765 elementor-view-default elementor-widget elementor-widget-icon\" data-id=\"6156765\" data-element_type=\"widget\" data-e-type=\"widget\" data-widget_type=\"icon.default\">\n\t\t\t\t<div class=\"elementor-widget-container\">\n\t\t\t\t\t\t\t<div class=\"elementor-icon-wrapper\">\n\t\t\t<div class=\"elementor-icon\">\n\t\t\t<i aria-hidden=\"true\" class=\"fas fa-hand-holding-usd\"><\/i>\t\t\t<\/div>\n\t\t<\/div>\n\t\t\t\t\t\t<\/div>\n\t\t\t\t<\/div>\n\t\t\t\t<div class=\"elementor-element elementor-element-f566194 elementor-widget elementor-widget-heading\" data-id=\"f566194\" data-element_type=\"widget\" data-e-type=\"widget\" data-widget_type=\"heading.default\">\n\t\t\t\t<div class=\"elementor-widget-container\">\n\t\t\t\t\t<h2 class=\"elementor-heading-title elementor-size-default\">Ownership of subsidiaries (financing)<\/h2>\t\t\t\t<\/div>\n\t\t\t\t<\/div>\n\t\t\t\t<div class=\"elementor-element elementor-element-5c3ec52 elementor-align-center elementor-icon-list--layout-traditional elementor-list-item-link-full_width elementor-widget elementor-widget-icon-list\" data-id=\"5c3ec52\" data-element_type=\"widget\" data-e-type=\"widget\" data-widget_type=\"icon-list.default\">\n\t\t\t\t<div class=\"elementor-widget-container\">\n\t\t\t\t\t\t\t<ul class=\"elementor-icon-list-items\">\n\t\t\t\t\t\t\t<li class=\"elementor-icon-list-item\">\n\t\t\t\t\t\t\t\t\t\t\t<a href=\"https:\/\/www.ukf.umea.se\/en\/vara-bolag\/\">\n\n\t\t\t\t\t\t\t\t\t\t\t<span class=\"elementor-icon-list-text\">See our companies<\/span>\n\t\t\t\t\t\t\t\t\t\t\t<\/a>\n\t\t\t\t\t\t\t\t\t<\/li>\n\t\t\t\t\t\t<\/ul>\n\t\t\t\t\t\t<\/div>\n\t\t\t\t<\/div>\n\t\t\t\t\t<\/div>\n\t\t<\/div>\n\t\t\t\t\t<\/div>\n\t\t<\/section>\n\t\t\t\t\t<\/div>\n\t\t<\/div>\n\t\t\t\t\t<\/div>\n\t\t<\/section>\n\t\t\t\t<\/div>","protected":false},"excerpt":{"rendered":"<p>Om Ume\u00e5 Kommunf\u00f6retag Ume\u00e5 Kommunf\u00f6retag, UKF, \u00e4r moderbolag f\u00f6r Ume\u00e5 kommuns samtliga aktiebolag. De kommun\u00e4gdabolagen bedriver verksamhet som levererar service och tj\u00e4nster \u00e5t kommunens inv\u00e5nare; bost\u00e4der, vattenf\u00f6rs\u00f6rjning, avlopp, renh\u00e5llning, energi, hamnanl\u00e4ggningar, parkering och kulturutbud. Exempel p\u00e5 bolagsom ing\u00e5r i koncernen \u00e4r Ume\u00e5 Energi, VAKIN\/UMEVA, Bostaden, INAB och V\u00e4sterbottens museum. Vinsterna f\u00f6rdelas mellan bolagen De bolag [&hellip;]<\/p>\n","protected":false},"author":1,"featured_media":0,"parent":0,"menu_order":3,"comment_status":"closed","ping_status":"closed","template":"","meta":{"_acf_changed":false,"inline_featured_image":false,"footnotes":""},"class_list":["post-308","page","type-page","status-publish","hentry"],"acf":[],"yoast_head":"<!-- This site is optimized with the Yoast SEO plugin v27.3 - https:\/\/yoast.com\/product\/yoast-seo-wordpress\/ -->\n<title>Om oss - Ume\u00e5 Kommunf\u00f6retag AB<\/title>\n<meta name=\"description\" content=\"UKF \u00e4r moderbolag f\u00f6r Ume\u00e5 kommuns samtliga aktiebolag. Bolagen bedriver verksamhet som levererar service och tj\u00e4nster \u00e5t kommunens inv\u00e5nare.\" \/>\n<meta name=\"robots\" content=\"index, follow, max-snippet:-1, max-image-preview:large, max-video-preview:-1\" \/>\n<link rel=\"canonical\" href=\"https:\/\/www.ukf.umea.se\/en\/om-oss\/\" \/>\n<meta property=\"og:locale\" content=\"en_US\" \/>\n<meta property=\"og:type\" content=\"article\" \/>\n<meta property=\"og:title\" content=\"Om oss - Ume\u00e5 Kommunf\u00f6retag AB\" \/>\n<meta property=\"og:description\" content=\"UKF \u00e4r moderbolag f\u00f6r Ume\u00e5 kommuns samtliga aktiebolag. Bolagen bedriver verksamhet som levererar service och tj\u00e4nster \u00e5t kommunens inv\u00e5nare.\" \/>\n<meta property=\"og:url\" content=\"https:\/\/www.ukf.umea.se\/en\/om-oss\/\" \/>\n<meta property=\"og:site_name\" content=\"Ume\u00e5 Kommunf\u00f6retag AB\" \/>\n<meta property=\"article:modified_time\" content=\"2026-01-28T12:54:54+00:00\" \/>\n<meta property=\"og:image\" content=\"https:\/\/www.ukf.umea.se\/wp-content\/uploads\/2021\/02\/umea-kommun-parker-1070-Pano-scaled-e1613375232384.jpg\" \/>\n\t<meta property=\"og:image:width\" content=\"1920\" \/>\n\t<meta property=\"og:image:height\" content=\"1313\" \/>\n\t<meta property=\"og:image:type\" content=\"image\/jpeg\" \/>\n<meta name=\"twitter:card\" content=\"summary_large_image\" \/>\n<meta name=\"twitter:label1\" content=\"Est. reading time\" \/>\n\t<meta name=\"twitter:data1\" content=\"2 minutes\" \/>\n<script type=\"application\/ld+json\" class=\"yoast-schema-graph\">{\"@context\":\"https:\\\/\\\/schema.org\",\"@graph\":[{\"@type\":\"WebPage\",\"@id\":\"https:\\\/\\\/www.ukf.umea.se\\\/om-oss\\\/\",\"url\":\"https:\\\/\\\/www.ukf.umea.se\\\/om-oss\\\/\",\"name\":\"Om oss - Ume\u00e5 Kommunf\u00f6retag AB\",\"isPartOf\":{\"@id\":\"https:\\\/\\\/www.ukf.umea.se\\\/#website\"},\"datePublished\":\"2021-02-17T09:38:09+00:00\",\"dateModified\":\"2026-01-28T12:54:54+00:00\",\"description\":\"UKF \u00e4r moderbolag f\u00f6r Ume\u00e5 kommuns samtliga aktiebolag. Bolagen bedriver verksamhet som levererar service och tj\u00e4nster \u00e5t kommunens inv\u00e5nare.\",\"breadcrumb\":{\"@id\":\"https:\\\/\\\/www.ukf.umea.se\\\/om-oss\\\/#breadcrumb\"},\"inLanguage\":\"en-US\",\"potentialAction\":[{\"@type\":\"ReadAction\",\"target\":[\"https:\\\/\\\/www.ukf.umea.se\\\/om-oss\\\/\"]}]},{\"@type\":\"BreadcrumbList\",\"@id\":\"https:\\\/\\\/www.ukf.umea.se\\\/om-oss\\\/#breadcrumb\",\"itemListElement\":[{\"@type\":\"ListItem\",\"position\":1,\"name\":\"Hem\",\"item\":\"https:\\\/\\\/www.ukf.umea.se\\\/\"},{\"@type\":\"ListItem\",\"position\":2,\"name\":\"Om oss\"}]},{\"@type\":\"WebSite\",\"@id\":\"https:\\\/\\\/www.ukf.umea.se\\\/#website\",\"url\":\"https:\\\/\\\/www.ukf.umea.se\\\/\",\"name\":\"Ume\u00e5 Kommunf\u00f6retag AB\",\"description\":\"Moderbolag f\u00f6r Ume\u00e5 Kommuns bolag\",\"publisher\":{\"@id\":\"https:\\\/\\\/www.ukf.umea.se\\\/#organization\"},\"potentialAction\":[{\"@type\":\"SearchAction\",\"target\":{\"@type\":\"EntryPoint\",\"urlTemplate\":\"https:\\\/\\\/www.ukf.umea.se\\\/?s={search_term_string}\"},\"query-input\":{\"@type\":\"PropertyValueSpecification\",\"valueRequired\":true,\"valueName\":\"search_term_string\"}}],\"inLanguage\":\"en-US\"},{\"@type\":\"Organization\",\"@id\":\"https:\\\/\\\/www.ukf.umea.se\\\/#organization\",\"name\":\"Ume\u00e5 Kommunf\u00f6retag AB\",\"url\":\"https:\\\/\\\/www.ukf.umea.se\\\/\",\"logo\":{\"@type\":\"ImageObject\",\"inLanguage\":\"en-US\",\"@id\":\"https:\\\/\\\/www.ukf.umea.se\\\/#\\\/schema\\\/logo\\\/image\\\/\",\"url\":\"https:\\\/\\\/ukf.umea.se\\\/wp-content\\\/uploads\\\/2021\\\/02\\\/UKF_A_RGB.jpg\",\"contentUrl\":\"https:\\\/\\\/ukf.umea.se\\\/wp-content\\\/uploads\\\/2021\\\/02\\\/UKF_A_RGB.jpg\",\"width\":875,\"height\":191,\"caption\":\"Ume\u00e5 Kommunf\u00f6retag AB\"},\"image\":{\"@id\":\"https:\\\/\\\/www.ukf.umea.se\\\/#\\\/schema\\\/logo\\\/image\\\/\"},\"sameAs\":[\"https:\\\/\\\/sv.wikipedia.org\\\/wiki\\\/Ume\u00e5_Kommunf\u00f6retag\"]}]}<\/script>\n<!-- \/ Yoast SEO plugin. -->","yoast_head_json":{"title":"Om oss - Ume\u00e5 Kommunf\u00f6retag AB","description":"UKF \u00e4r moderbolag f\u00f6r Ume\u00e5 kommuns samtliga aktiebolag. Bolagen bedriver verksamhet som levererar service och tj\u00e4nster \u00e5t kommunens inv\u00e5nare.","robots":{"index":"index","follow":"follow","max-snippet":"max-snippet:-1","max-image-preview":"max-image-preview:large","max-video-preview":"max-video-preview:-1"},"canonical":"https:\/\/www.ukf.umea.se\/en\/om-oss\/","og_locale":"en_US","og_type":"article","og_title":"Om oss - Ume\u00e5 Kommunf\u00f6retag AB","og_description":"UKF \u00e4r moderbolag f\u00f6r Ume\u00e5 kommuns samtliga aktiebolag. Bolagen bedriver verksamhet som levererar service och tj\u00e4nster \u00e5t kommunens inv\u00e5nare.","og_url":"https:\/\/www.ukf.umea.se\/en\/om-oss\/","og_site_name":"Ume\u00e5 Kommunf\u00f6retag AB","article_modified_time":"2026-01-28T12:54:54+00:00","og_image":[{"width":1920,"height":1313,"url":"https:\/\/www.ukf.umea.se\/wp-content\/uploads\/2021\/02\/umea-kommun-parker-1070-Pano-scaled-e1613375232384.jpg","type":"image\/jpeg"}],"twitter_card":"summary_large_image","twitter_misc":{"Est. reading time":"2 minutes"},"schema":{"@context":"https:\/\/schema.org","@graph":[{"@type":"WebPage","@id":"https:\/\/www.ukf.umea.se\/om-oss\/","url":"https:\/\/www.ukf.umea.se\/om-oss\/","name":"Om oss - Ume\u00e5 Kommunf\u00f6retag AB","isPartOf":{"@id":"https:\/\/www.ukf.umea.se\/#website"},"datePublished":"2021-02-17T09:38:09+00:00","dateModified":"2026-01-28T12:54:54+00:00","description":"UKF \u00e4r moderbolag f\u00f6r Ume\u00e5 kommuns samtliga aktiebolag. Bolagen bedriver verksamhet som levererar service och tj\u00e4nster \u00e5t kommunens inv\u00e5nare.","breadcrumb":{"@id":"https:\/\/www.ukf.umea.se\/om-oss\/#breadcrumb"},"inLanguage":"en-US","potentialAction":[{"@type":"ReadAction","target":["https:\/\/www.ukf.umea.se\/om-oss\/"]}]},{"@type":"BreadcrumbList","@id":"https:\/\/www.ukf.umea.se\/om-oss\/#breadcrumb","itemListElement":[{"@type":"ListItem","position":1,"name":"Hem","item":"https:\/\/www.ukf.umea.se\/"},{"@type":"ListItem","position":2,"name":"Om oss"}]},{"@type":"WebSite","@id":"https:\/\/www.ukf.umea.se\/#website","url":"https:\/\/www.ukf.umea.se\/","name":"Ume\u00e5 Kommunf\u00f6retag AB","description":"Moderbolag f\u00f6r Ume\u00e5 Kommuns bolag","publisher":{"@id":"https:\/\/www.ukf.umea.se\/#organization"},"potentialAction":[{"@type":"SearchAction","target":{"@type":"EntryPoint","urlTemplate":"https:\/\/www.ukf.umea.se\/?s={search_term_string}"},"query-input":{"@type":"PropertyValueSpecification","valueRequired":true,"valueName":"search_term_string"}}],"inLanguage":"en-US"},{"@type":"Organization","@id":"https:\/\/www.ukf.umea.se\/#organization","name":"Ume\u00e5 Kommunf\u00f6retag AB","url":"https:\/\/www.ukf.umea.se\/","logo":{"@type":"ImageObject","inLanguage":"en-US","@id":"https:\/\/www.ukf.umea.se\/#\/schema\/logo\/image\/","url":"https:\/\/ukf.umea.se\/wp-content\/uploads\/2021\/02\/UKF_A_RGB.jpg","contentUrl":"https:\/\/ukf.umea.se\/wp-content\/uploads\/2021\/02\/UKF_A_RGB.jpg","width":875,"height":191,"caption":"Ume\u00e5 Kommunf\u00f6retag AB"},"image":{"@id":"https:\/\/www.ukf.umea.se\/#\/schema\/logo\/image\/"},"sameAs":["https:\/\/sv.wikipedia.org\/wiki\/Ume\u00e5_Kommunf\u00f6retag"]}]}},"_links":{"self":[{"href":"https:\/\/www.ukf.umea.se\/en\/wp-json\/wp\/v2\/pages\/308","targetHints":{"allow":["GET"]}}],"collection":[{"href":"https:\/\/www.ukf.umea.se\/en\/wp-json\/wp\/v2\/pages"}],"about":[{"href":"https:\/\/www.ukf.umea.se\/en\/wp-json\/wp\/v2\/types\/page"}],"author":[{"embeddable":true,"href":"https:\/\/www.ukf.umea.se\/en\/wp-json\/wp\/v2\/users\/1"}],"replies":[{"embeddable":true,"href":"https:\/\/www.ukf.umea.se\/en\/wp-json\/wp\/v2\/comments?post=308"}],"version-history":[{"count":41,"href":"https:\/\/www.ukf.umea.se\/en\/wp-json\/wp\/v2\/pages\/308\/revisions"}],"predecessor-version":[{"id":2160,"href":"https:\/\/www.ukf.umea.se\/en\/wp-json\/wp\/v2\/pages\/308\/revisions\/2160"}],"wp:attachment":[{"href":"https:\/\/www.ukf.umea.se\/en\/wp-json\/wp\/v2\/media?parent=308"}],"curies":[{"name":"wp","href":"https:\/\/api.w.org\/{rel}","templated":true}]}}