{"id":36,"date":"2021-02-12T10:03:30","date_gmt":"2021-02-12T10:03:30","guid":{"rendered":"http:\/\/ukf.hemsida.eu\/?page_id=36"},"modified":"2023-04-18T06:11:52","modified_gmt":"2023-04-18T05:11:52","slug":"moderbolaget-for-umea-kommuns-samtliga-aktiebolag","status":"publish","type":"page","link":"https:\/\/www.ukf.umea.se\/en\/","title":{"rendered":"Moderbolaget f\u00f6r Ume\u00e5 kommuns samtliga aktiebolag"},"content":{"rendered":"<div data-elementor-type=\"wp-page\" data-elementor-id=\"36\" class=\"elementor elementor-36\" data-elementor-post-type=\"page\">\n\t\t\t\t\t\t<section class=\"elementor-section elementor-top-section elementor-element elementor-element-1e5ce51 elementor-section-full_width elementor-section-height-min-height elementor-section-items-bottom elementor-section-height-default\" data-id=\"1e5ce51\" data-element_type=\"section\" data-e-type=\"section\" data-settings=\"{&quot;background_background&quot;:&quot;classic&quot;}\">\n\t\t\t\t\t\t\t<div class=\"elementor-background-overlay\"><\/div>\n\t\t\t\t\t\t\t<div class=\"elementor-container elementor-column-gap-default\">\n\t\t\t\t\t<div class=\"elementor-column elementor-col-100 elementor-top-column elementor-element elementor-element-f5597a4\" data-id=\"f5597a4\" data-element_type=\"column\" data-e-type=\"column\">\n\t\t\t<div class=\"elementor-widget-wrap elementor-element-populated\">\n\t\t\t\t\t\t<section class=\"elementor-section elementor-inner-section elementor-element elementor-element-ead055a elementor-section-boxed elementor-section-height-default elementor-section-height-default\" data-id=\"ead055a\" data-element_type=\"section\" data-e-type=\"section\" data-settings=\"{&quot;background_background&quot;:&quot;classic&quot;}\">\n\t\t\t\t\t\t<div class=\"elementor-container elementor-column-gap-default\">\n\t\t\t\t\t<div class=\"elementor-column elementor-col-100 elementor-inner-column elementor-element elementor-element-1a5bd91\" data-id=\"1a5bd91\" data-element_type=\"column\" data-e-type=\"column\">\n\t\t\t<div class=\"elementor-widget-wrap elementor-element-populated\">\n\t\t\t\t\t\t<div class=\"elementor-element elementor-element-19d05b9 elementor-widget elementor-widget-heading\" data-id=\"19d05b9\" data-element_type=\"widget\" data-e-type=\"widget\" data-widget_type=\"heading.default\">\n\t\t\t\t<div class=\"elementor-widget-container\">\n\t\t\t\t\t<h1 class=\"elementor-heading-title elementor-size-default\">Ume\u00e5 Kommunf\u00f6retag<\/h1>\t\t\t\t<\/div>\n\t\t\t\t<\/div>\n\t\t\t\t<div class=\"elementor-element elementor-element-8993d2e elementor-widget elementor-widget-heading\" data-id=\"8993d2e\" data-element_type=\"widget\" data-e-type=\"widget\" data-widget_type=\"heading.default\">\n\t\t\t\t<div class=\"elementor-widget-container\">\n\t\t\t\t\t<span class=\"elementor-heading-title elementor-size-default\">We manage and help our municipally owned companies<\/span>\t\t\t\t<\/div>\n\t\t\t\t<\/div>\n\t\t\t\t\t<\/div>\n\t\t<\/div>\n\t\t\t\t\t<\/div>\n\t\t<\/section>\n\t\t\t\t\t<\/div>\n\t\t<\/div>\n\t\t\t\t\t<\/div>\n\t\t<\/section>\n\t\t\t\t<section class=\"elementor-section elementor-top-section elementor-element elementor-element-1a29f5e elementor-section-boxed elementor-section-height-default elementor-section-height-default\" data-id=\"1a29f5e\" data-element_type=\"section\" data-e-type=\"section\">\n\t\t\t\t\t\t<div class=\"elementor-container elementor-column-gap-default\">\n\t\t\t\t\t<div class=\"elementor-column elementor-col-100 elementor-top-column elementor-element elementor-element-8f70457\" data-id=\"8f70457\" data-element_type=\"column\" data-e-type=\"column\" data-settings=\"{&quot;background_background&quot;:&quot;classic&quot;}\">\n\t\t\t<div class=\"elementor-widget-wrap elementor-element-populated\">\n\t\t\t\t\t\t<section class=\"elementor-section elementor-inner-section elementor-element elementor-element-95609b5 elementor-section-content-middle elementor-section-boxed elementor-section-height-default elementor-section-height-default\" data-id=\"95609b5\" data-element_type=\"section\" data-e-type=\"section\">\n\t\t\t\t\t\t<div class=\"elementor-container elementor-column-gap-default\">\n\t\t\t\t\t<div class=\"elementor-column elementor-col-50 elementor-inner-column elementor-element elementor-element-1661a43\" data-id=\"1661a43\" data-element_type=\"column\" data-e-type=\"column\">\n\t\t\t<div class=\"elementor-widget-wrap elementor-element-populated\">\n\t\t\t\t\t\t<div class=\"elementor-element elementor-element-029dd2c elementor-widget elementor-widget-heading\" data-id=\"029dd2c\" data-element_type=\"widget\" data-e-type=\"widget\" data-widget_type=\"heading.default\">\n\t\t\t\t<div class=\"elementor-widget-container\">\n\t\t\t\t\t<h2 class=\"elementor-heading-title elementor-size-default\">Aktuellt<\/h2>\t\t\t\t<\/div>\n\t\t\t\t<\/div>\n\t\t\t\t\t<\/div>\n\t\t<\/div>\n\t\t\t\t<div class=\"elementor-column elementor-col-50 elementor-inner-column elementor-element elementor-element-99cceb1\" data-id=\"99cceb1\" data-element_type=\"column\" data-e-type=\"column\">\n\t\t\t<div class=\"elementor-widget-wrap elementor-element-populated\">\n\t\t\t\t\t\t<div class=\"elementor-element elementor-element-82159a0 elementor-align-right elementor-mobile-align-center elementor-widget elementor-widget-button\" data-id=\"82159a0\" data-element_type=\"widget\" data-e-type=\"widget\" data-widget_type=\"button.default\">\n\t\t\t\t<div class=\"elementor-widget-container\">\n\t\t\t\t\t\t\t\t\t<div class=\"elementor-button-wrapper\">\n\t\t\t\t\t<a class=\"elementor-button elementor-button-link elementor-size-md\" href=\"https:\/\/www.ukf.umea.se\/en\/aktuellt\/\">\n\t\t\t\t\t\t<span class=\"elementor-button-content-wrapper\">\n\t\t\t\t\t\t<span class=\"elementor-button-icon\">\n\t\t\t\t<i aria-hidden=\"true\" class=\"fas fa-long-arrow-alt-right\"><\/i>\t\t\t<\/span>\n\t\t\t\t\t\t\t\t\t<span class=\"elementor-button-text\">Read more<\/span>\n\t\t\t\t\t<\/span>\n\t\t\t\t\t<\/a>\n\t\t\t\t<\/div>\n\t\t\t\t\t\t\t\t<\/div>\n\t\t\t\t<\/div>\n\t\t\t\t\t<\/div>\n\t\t<\/div>\n\t\t\t\t\t<\/div>\n\t\t<\/section>\n\t\t\t\t\t<\/div>\n\t\t<\/div>\n\t\t\t\t\t<\/div>\n\t\t<\/section>\n\t\t\t\t<section class=\"elementor-section elementor-top-section elementor-element elementor-element-2822188 elementor-section-boxed elementor-section-height-default elementor-section-height-default\" data-id=\"2822188\" data-element_type=\"section\" data-e-type=\"section\">\n\t\t\t\t\t\t<div class=\"elementor-container elementor-column-gap-default\">\n\t\t\t\t\t<div class=\"elementor-column elementor-col-50 elementor-top-column elementor-element elementor-element-877cb0b\" data-id=\"877cb0b\" data-element_type=\"column\" data-e-type=\"column\" data-settings=\"{&quot;background_background&quot;:&quot;classic&quot;}\">\n\t\t\t<div class=\"elementor-widget-wrap elementor-element-populated\">\n\t\t\t\t\t\t<div class=\"elementor-element elementor-element-ed5f46c elementor-widget elementor-widget-text-editor\" data-id=\"ed5f46c\" data-element_type=\"widget\" data-e-type=\"widget\" data-widget_type=\"text-editor.default\">\n\t\t\t\t<div class=\"elementor-widget-container\">\n\t\t\t\t\t\t\t\t\t<p>Ume\u00e5 Kommunf\u00f6retag is the parent company for the municipality's companies and assists the companies with financing, management services and training.<\/p>\t\t\t\t\t\t\t\t<\/div>\n\t\t\t\t<\/div>\n\t\t\t\t<div class=\"elementor-element elementor-element-1df38c8 elementor-align-right elementor-mobile-align-center elementor-widget elementor-widget-button\" data-id=\"1df38c8\" data-element_type=\"widget\" data-e-type=\"widget\" data-widget_type=\"button.default\">\n\t\t\t\t<div class=\"elementor-widget-container\">\n\t\t\t\t\t\t\t\t\t<div class=\"elementor-button-wrapper\">\n\t\t\t\t\t<a class=\"elementor-button elementor-button-link elementor-size-md\" href=\"https:\/\/www.ukf.umea.se\/en\/om-oss\/\">\n\t\t\t\t\t\t<span class=\"elementor-button-content-wrapper\">\n\t\t\t\t\t\t<span class=\"elementor-button-icon\">\n\t\t\t\t<i aria-hidden=\"true\" class=\"fas fa-long-arrow-alt-right\"><\/i>\t\t\t<\/span>\n\t\t\t\t\t\t\t\t\t<span class=\"elementor-button-text\">About us<\/span>\n\t\t\t\t\t<\/span>\n\t\t\t\t\t<\/a>\n\t\t\t\t<\/div>\n\t\t\t\t\t\t\t\t<\/div>\n\t\t\t\t<\/div>\n\t\t\t\t\t<\/div>\n\t\t<\/div>\n\t\t\t\t<div class=\"elementor-column elementor-col-50 elementor-top-column elementor-element elementor-element-520501f\" data-id=\"520501f\" data-element_type=\"column\" data-e-type=\"column\" data-settings=\"{&quot;background_background&quot;:&quot;classic&quot;}\">\n\t\t\t<div class=\"elementor-widget-wrap elementor-element-populated\">\n\t\t\t\t\t<div class=\"elementor-background-overlay\"><\/div>\n\t\t\t\t\t\t<div class=\"elementor-element elementor-element-a04c9da elementor-widget elementor-widget-spacer\" data-id=\"a04c9da\" data-element_type=\"widget\" data-e-type=\"widget\" data-widget_type=\"spacer.default\">\n\t\t\t\t<div class=\"elementor-widget-container\">\n\t\t\t\t\t\t\t<div class=\"elementor-spacer\">\n\t\t\t<div class=\"elementor-spacer-inner\"><\/div>\n\t\t<\/div>\n\t\t\t\t\t\t<\/div>\n\t\t\t\t<\/div>\n\t\t\t\t<section class=\"elementor-section elementor-inner-section elementor-element elementor-element-50e5344 elementor-section-boxed elementor-section-height-default elementor-section-height-default\" data-id=\"50e5344\" data-element_type=\"section\" data-e-type=\"section\" data-settings=\"{&quot;background_background&quot;:&quot;classic&quot;}\">\n\t\t\t\t\t\t<div class=\"elementor-container elementor-column-gap-default\">\n\t\t\t\t\t<div class=\"elementor-column elementor-col-50 elementor-inner-column elementor-element elementor-element-5de4894\" data-id=\"5de4894\" data-element_type=\"column\" data-e-type=\"column\">\n\t\t\t<div class=\"elementor-widget-wrap elementor-element-populated\">\n\t\t\t\t\t\t<div class=\"elementor-element elementor-element-3d9cefb elementor-widget elementor-widget-heading\" data-id=\"3d9cefb\" data-element_type=\"widget\" data-e-type=\"widget\" data-widget_type=\"heading.default\">\n\t\t\t\t<div class=\"elementor-widget-container\">\n\t\t\t\t\t<span class=\"elementor-heading-title elementor-size-default\">Curious about our companies?<\/span>\t\t\t\t<\/div>\n\t\t\t\t<\/div>\n\t\t\t\t\t<\/div>\n\t\t<\/div>\n\t\t\t\t<div class=\"elementor-column elementor-col-50 elementor-inner-column elementor-element elementor-element-c03c519\" data-id=\"c03c519\" data-element_type=\"column\" data-e-type=\"column\">\n\t\t\t<div class=\"elementor-widget-wrap elementor-element-populated\">\n\t\t\t\t\t\t<div class=\"elementor-element elementor-element-78534b3 elementor-align-right elementor-widget elementor-widget-button\" data-id=\"78534b3\" data-element_type=\"widget\" data-e-type=\"widget\" data-widget_type=\"button.default\">\n\t\t\t\t<div class=\"elementor-widget-container\">\n\t\t\t\t\t\t\t\t\t<div class=\"elementor-button-wrapper\">\n\t\t\t\t\t<a class=\"elementor-button elementor-button-link elementor-size-md\" href=\"https:\/\/www.ukf.umea.se\/en\/vara-bolag\/\">\n\t\t\t\t\t\t<span class=\"elementor-button-content-wrapper\">\n\t\t\t\t\t\t<span class=\"elementor-button-icon\">\n\t\t\t\t<i aria-hidden=\"true\" class=\"fas fa-long-arrow-alt-right\"><\/i>\t\t\t<\/span>\n\t\t\t\t\t\t\t\t\t<span class=\"elementor-button-text\">Our companies<\/span>\n\t\t\t\t\t<\/span>\n\t\t\t\t\t<\/a>\n\t\t\t\t<\/div>\n\t\t\t\t\t\t\t\t<\/div>\n\t\t\t\t<\/div>\n\t\t\t\t\t<\/div>\n\t\t<\/div>\n\t\t\t\t\t<\/div>\n\t\t<\/section>\n\t\t\t\t\t<\/div>\n\t\t<\/div>\n\t\t\t\t\t<\/div>\n\t\t<\/section>\n\t\t\t\t<section class=\"elementor-section elementor-top-section elementor-element elementor-element-1e5c62d elementor-section-boxed elementor-section-height-default elementor-section-height-default\" data-id=\"1e5c62d\" data-element_type=\"section\" data-e-type=\"section\">\n\t\t\t\t\t\t<div class=\"elementor-container elementor-column-gap-default\">\n\t\t\t\t\t<div class=\"elementor-column elementor-col-100 elementor-top-column elementor-element elementor-element-03d5591\" data-id=\"03d5591\" data-element_type=\"column\" data-e-type=\"column\">\n\t\t\t<div class=\"elementor-widget-wrap elementor-element-populated\">\n\t\t\t\t\t\t<div class=\"elementor-element elementor-element-15cab57 elementor-widget elementor-widget-spacer\" data-id=\"15cab57\" data-element_type=\"widget\" data-e-type=\"widget\" data-widget_type=\"spacer.default\">\n\t\t\t\t<div class=\"elementor-widget-container\">\n\t\t\t\t\t\t\t<div class=\"elementor-spacer\">\n\t\t\t<div class=\"elementor-spacer-inner\"><\/div>\n\t\t<\/div>\n\t\t\t\t\t\t<\/div>\n\t\t\t\t<\/div>\n\t\t\t\t\t<\/div>\n\t\t<\/div>\n\t\t\t\t\t<\/div>\n\t\t<\/section>\n\t\t\t\t<\/div>","protected":false},"excerpt":{"rendered":"<p>Ume\u00e5 Kommunf\u00f6retag Vi f\u00f6rvaltar och hj\u00e4lper v\u00e5ra kommunalt \u00e4gda bolag Aktuellt L\u00e4s mer Ume\u00e5 Kommunf\u00f6retag \u00e4r moderbolag f\u00f6r kommunens bolag och bist\u00e5r bolagen med finansiering, ledningstj\u00e4nster och utbildning. Om oss Nyfiken p\u00e5 v\u00e5ra bolag? V\u00e5ra bolag<\/p>","protected":false},"author":1,"featured_media":0,"parent":0,"menu_order":0,"comment_status":"closed","ping_status":"closed","template":"elementor_header_footer","meta":{"_acf_changed":false,"inline_featured_image":false,"footnotes":""},"class_list":["post-36","page","type-page","status-publish","hentry"],"acf":[],"yoast_head":"<!-- This site is optimized with the Yoast SEO plugin v27.4 - https:\/\/yoast.com\/product\/yoast-seo-wordpress\/ -->\n<title>UKF - Ume\u00e5 Kommunf\u00f6retag AB<\/title>\n<meta name=\"description\" content=\"Ume\u00e5 Kommunf\u00f6retag \u00e4r moderbolag f\u00f6r kommunens bolag och bist\u00e5r bolagen med finansiering, ledningstj\u00e4nster och utbildning.\" \/>\n<meta name=\"robots\" content=\"index, follow, max-snippet:-1, max-image-preview:large, max-video-preview:-1\" \/>\n<link rel=\"canonical\" href=\"https:\/\/www.ukf.umea.se\/en\/\" \/>\n<meta property=\"og:locale\" content=\"en_US\" \/>\n<meta property=\"og:type\" content=\"article\" \/>\n<meta property=\"og:title\" content=\"UKF - Ume\u00e5 Kommunf\u00f6retag AB\" \/>\n<meta property=\"og:description\" content=\"Ume\u00e5 Kommunf\u00f6retag \u00e4r moderbolag f\u00f6r kommunens bolag och bist\u00e5r bolagen med finansiering, ledningstj\u00e4nster och utbildning.\" \/>\n<meta property=\"og:url\" content=\"https:\/\/www.ukf.umea.se\/en\/\" \/>\n<meta property=\"og:site_name\" content=\"Ume\u00e5 Kommunf\u00f6retag AB\" \/>\n<meta property=\"article:modified_time\" content=\"2023-04-18T05:11:52+00:00\" \/>\n<meta property=\"og:image\" content=\"https:\/\/www.ukf.umea.se\/wp-content\/uploads\/2021\/02\/umea-kommun-parker-1070-Pano-scaled-e1613375232384.jpg\" \/>\n\t<meta property=\"og:image:width\" content=\"1920\" \/>\n\t<meta property=\"og:image:height\" content=\"1313\" \/>\n\t<meta property=\"og:image:type\" content=\"image\/jpeg\" \/>\n<meta name=\"twitter:card\" content=\"summary_large_image\" \/>\n<meta name=\"twitter:label1\" content=\"Est. reading time\" \/>\n\t<meta name=\"twitter:data1\" content=\"1 minute\" \/>\n<script type=\"application\/ld+json\" class=\"yoast-schema-graph\">{\"@context\":\"https:\\\/\\\/schema.org\",\"@graph\":[{\"@type\":\"WebPage\",\"@id\":\"https:\\\/\\\/www.ukf.umea.se\\\/\",\"url\":\"https:\\\/\\\/www.ukf.umea.se\\\/\",\"name\":\"UKF - Ume\u00e5 Kommunf\u00f6retag AB\",\"isPartOf\":{\"@id\":\"https:\\\/\\\/www.ukf.umea.se\\\/#website\"},\"datePublished\":\"2021-02-12T10:03:30+00:00\",\"dateModified\":\"2023-04-18T05:11:52+00:00\",\"description\":\"Ume\u00e5 Kommunf\u00f6retag \u00e4r moderbolag f\u00f6r kommunens bolag och bist\u00e5r bolagen med finansiering, ledningstj\u00e4nster och utbildning.\",\"breadcrumb\":{\"@id\":\"https:\\\/\\\/www.ukf.umea.se\\\/#breadcrumb\"},\"inLanguage\":\"en-US\",\"potentialAction\":[{\"@type\":\"ReadAction\",\"target\":[\"https:\\\/\\\/www.ukf.umea.se\\\/\"]}]},{\"@type\":\"BreadcrumbList\",\"@id\":\"https:\\\/\\\/www.ukf.umea.se\\\/#breadcrumb\",\"itemListElement\":[{\"@type\":\"ListItem\",\"position\":1,\"name\":\"Hem\",\"item\":\"https:\\\/\\\/www.ukf.umea.se\\\/\"},{\"@type\":\"ListItem\",\"position\":2,\"name\":\"Moderbolaget f\u00f6r Ume\u00e5 kommuns samtliga aktiebolag\"}]},{\"@type\":\"WebSite\",\"@id\":\"https:\\\/\\\/www.ukf.umea.se\\\/#website\",\"url\":\"https:\\\/\\\/www.ukf.umea.se\\\/\",\"name\":\"Ume\u00e5 Kommunf\u00f6retag AB\",\"description\":\"Moderbolag f\u00f6r Ume\u00e5 Kommuns bolag\",\"publisher\":{\"@id\":\"https:\\\/\\\/www.ukf.umea.se\\\/#organization\"},\"potentialAction\":[{\"@type\":\"SearchAction\",\"target\":{\"@type\":\"EntryPoint\",\"urlTemplate\":\"https:\\\/\\\/www.ukf.umea.se\\\/?s={search_term_string}\"},\"query-input\":{\"@type\":\"PropertyValueSpecification\",\"valueRequired\":true,\"valueName\":\"search_term_string\"}}],\"inLanguage\":\"en-US\"},{\"@type\":\"Organization\",\"@id\":\"https:\\\/\\\/www.ukf.umea.se\\\/#organization\",\"name\":\"Ume\u00e5 Kommunf\u00f6retag AB\",\"url\":\"https:\\\/\\\/www.ukf.umea.se\\\/\",\"logo\":{\"@type\":\"ImageObject\",\"inLanguage\":\"en-US\",\"@id\":\"https:\\\/\\\/www.ukf.umea.se\\\/#\\\/schema\\\/logo\\\/image\\\/\",\"url\":\"https:\\\/\\\/ukf.umea.se\\\/wp-content\\\/uploads\\\/2021\\\/02\\\/UKF_A_RGB.jpg\",\"contentUrl\":\"https:\\\/\\\/ukf.umea.se\\\/wp-content\\\/uploads\\\/2021\\\/02\\\/UKF_A_RGB.jpg\",\"width\":875,\"height\":191,\"caption\":\"Ume\u00e5 Kommunf\u00f6retag AB\"},\"image\":{\"@id\":\"https:\\\/\\\/www.ukf.umea.se\\\/#\\\/schema\\\/logo\\\/image\\\/\"},\"sameAs\":[\"https:\\\/\\\/sv.wikipedia.org\\\/wiki\\\/Ume\u00e5_Kommunf\u00f6retag\"]}]}<\/script>\n<!-- \/ Yoast SEO plugin. -->","yoast_head_json":{"title":"UKF - Ume\u00e5 Kommunf\u00f6retag AB","description":"Ume\u00e5 Kommunf\u00f6retag is the parent company for the municipality's companies and assists the companies with financing, management services and training.","robots":{"index":"index","follow":"follow","max-snippet":"max-snippet:-1","max-image-preview":"max-image-preview:large","max-video-preview":"max-video-preview:-1"},"canonical":"https:\/\/www.ukf.umea.se\/en\/","og_locale":"en_US","og_type":"article","og_title":"UKF - Ume\u00e5 Kommunf\u00f6retag AB","og_description":"Ume\u00e5 Kommunf\u00f6retag \u00e4r moderbolag f\u00f6r kommunens bolag och bist\u00e5r bolagen med finansiering, ledningstj\u00e4nster och utbildning.","og_url":"https:\/\/www.ukf.umea.se\/en\/","og_site_name":"Ume\u00e5 Kommunf\u00f6retag AB","article_modified_time":"2023-04-18T05:11:52+00:00","og_image":[{"width":1920,"height":1313,"url":"https:\/\/www.ukf.umea.se\/wp-content\/uploads\/2021\/02\/umea-kommun-parker-1070-Pano-scaled-e1613375232384.jpg","type":"image\/jpeg"}],"twitter_card":"summary_large_image","twitter_misc":{"Est. reading time":"1 minute"},"schema":{"@context":"https:\/\/schema.org","@graph":[{"@type":"WebPage","@id":"https:\/\/www.ukf.umea.se\/","url":"https:\/\/www.ukf.umea.se\/","name":"UKF - Ume\u00e5 Kommunf\u00f6retag AB","isPartOf":{"@id":"https:\/\/www.ukf.umea.se\/#website"},"datePublished":"2021-02-12T10:03:30+00:00","dateModified":"2023-04-18T05:11:52+00:00","description":"Ume\u00e5 Kommunf\u00f6retag is the parent company for the municipality's companies and assists the companies with financing, management services and training.","breadcrumb":{"@id":"https:\/\/www.ukf.umea.se\/#breadcrumb"},"inLanguage":"en-US","potentialAction":[{"@type":"ReadAction","target":["https:\/\/www.ukf.umea.se\/"]}]},{"@type":"BreadcrumbList","@id":"https:\/\/www.ukf.umea.se\/#breadcrumb","itemListElement":[{"@type":"ListItem","position":1,"name":"Hem","item":"https:\/\/www.ukf.umea.se\/"},{"@type":"ListItem","position":2,"name":"Moderbolaget f\u00f6r Ume\u00e5 kommuns samtliga aktiebolag"}]},{"@type":"WebSite","@id":"https:\/\/www.ukf.umea.se\/#website","url":"https:\/\/www.ukf.umea.se\/","name":"Ume\u00e5 Kommunf\u00f6retag AB","description":"Moderbolag f\u00f6r Ume\u00e5 Kommuns bolag","publisher":{"@id":"https:\/\/www.ukf.umea.se\/#organization"},"potentialAction":[{"@type":"SearchAction","target":{"@type":"EntryPoint","urlTemplate":"https:\/\/www.ukf.umea.se\/?s={search_term_string}"},"query-input":{"@type":"PropertyValueSpecification","valueRequired":true,"valueName":"search_term_string"}}],"inLanguage":"en-US"},{"@type":"Organization","@id":"https:\/\/www.ukf.umea.se\/#organization","name":"Ume\u00e5 Kommunf\u00f6retag AB","url":"https:\/\/www.ukf.umea.se\/","logo":{"@type":"ImageObject","inLanguage":"en-US","@id":"https:\/\/www.ukf.umea.se\/#\/schema\/logo\/image\/","url":"https:\/\/ukf.umea.se\/wp-content\/uploads\/2021\/02\/UKF_A_RGB.jpg","contentUrl":"https:\/\/ukf.umea.se\/wp-content\/uploads\/2021\/02\/UKF_A_RGB.jpg","width":875,"height":191,"caption":"Ume\u00e5 Kommunf\u00f6retag AB"},"image":{"@id":"https:\/\/www.ukf.umea.se\/#\/schema\/logo\/image\/"},"sameAs":["https:\/\/sv.wikipedia.org\/wiki\/Ume\u00e5_Kommunf\u00f6retag"]}]}},"_links":{"self":[{"href":"https:\/\/www.ukf.umea.se\/en\/wp-json\/wp\/v2\/pages\/36","targetHints":{"allow":["GET"]}}],"collection":[{"href":"https:\/\/www.ukf.umea.se\/en\/wp-json\/wp\/v2\/pages"}],"about":[{"href":"https:\/\/www.ukf.umea.se\/en\/wp-json\/wp\/v2\/types\/page"}],"author":[{"embeddable":true,"href":"https:\/\/www.ukf.umea.se\/en\/wp-json\/wp\/v2\/users\/1"}],"replies":[{"embeddable":true,"href":"https:\/\/www.ukf.umea.se\/en\/wp-json\/wp\/v2\/comments?post=36"}],"version-history":[{"count":215,"href":"https:\/\/www.ukf.umea.se\/en\/wp-json\/wp\/v2\/pages\/36\/revisions"}],"predecessor-version":[{"id":1935,"href":"https:\/\/www.ukf.umea.se\/en\/wp-json\/wp\/v2\/pages\/36\/revisions\/1935"}],"wp:attachment":[{"href":"https:\/\/www.ukf.umea.se\/en\/wp-json\/wp\/v2\/media?parent=36"}],"curies":[{"name":"wp","href":"https:\/\/api.w.org\/{rel}","templated":true}]}}