{"id":365,"date":"2021-02-17T13:27:05","date_gmt":"2021-02-17T12:27:05","guid":{"rendered":"http:\/\/ukf.hemsida.eu\/?page_id=365"},"modified":"2021-04-22T06:59:03","modified_gmt":"2021-04-22T05:59:03","slug":"tillganglighet","status":"publish","type":"page","link":"https:\/\/www.ukf.umea.se\/en\/tillganglighet\/","title":{"rendered":"Accessibility"},"content":{"rendered":"<div data-elementor-type=\"wp-page\" data-elementor-id=\"365\" class=\"elementor elementor-365\" data-elementor-post-type=\"page\">\n\t\t\t\t\t\t<section class=\"elementor-section elementor-top-section elementor-element elementor-element-e249e96 elementor-section-boxed elementor-section-height-default elementor-section-height-default\" data-id=\"e249e96\" data-element_type=\"section\" data-e-type=\"section\">\n\t\t\t\t\t\t<div class=\"elementor-container elementor-column-gap-default\">\n\t\t\t\t\t<div class=\"elementor-column elementor-col-50 elementor-top-column elementor-element elementor-element-460d82b\" data-id=\"460d82b\" data-element_type=\"column\" data-e-type=\"column\">\n\t\t\t<div class=\"elementor-widget-wrap elementor-element-populated\">\n\t\t\t\t\t\t<div class=\"elementor-element elementor-element-5b4c66b elementor-widget elementor-widget-text-editor\" data-id=\"5b4c66b\" data-element_type=\"widget\" data-e-type=\"widget\" data-widget_type=\"text-editor.default\">\n\t\t\t\t<div class=\"elementor-widget-container\">\n\t\t\t\t\t\t\t\t\t<p>We are aware that parts of the website are not fully accessible. See the section on content not available below for more information.<\/p>\t\t\t\t\t\t\t\t<\/div>\n\t\t\t\t<\/div>\n\t\t\t\t<div class=\"elementor-element elementor-element-6eab5d0 elementor-widget elementor-widget-menu-anchor\" data-id=\"6eab5d0\" data-element_type=\"widget\" data-e-type=\"widget\" data-widget_type=\"menu-anchor.default\">\n\t\t\t\t<div class=\"elementor-widget-container\">\n\t\t\t\t\t\t\t<div class=\"elementor-menu-anchor\" id=\"text-till-tal\"><\/div>\n\t\t\t\t\t\t<\/div>\n\t\t\t\t<\/div>\n\t\t\t\t<div class=\"elementor-element elementor-element-ac98996 elementor-widget elementor-widget-text-editor\" data-id=\"ac98996\" data-element_type=\"widget\" data-e-type=\"widget\" data-widget_type=\"text-editor.default\">\n\t\t\t\t<div class=\"elementor-widget-container\">\n\t\t\t\t\t\t\t\t\t<h2>Text to speech<\/h2><p>All text available on the website can be selected and played. This support works on computers, tablets and smartphones.\u00a0<\/p><p>Note that the sound on your device must be turned on, some smartphones do not play sound from the browser if the phone is set to do not disturb mode.<\/p>\t\t\t\t\t\t\t\t<\/div>\n\t\t\t\t<\/div>\n\t\t\t\t<div class=\"elementor-element elementor-element-04aff73 elementor-widget elementor-widget-image\" data-id=\"04aff73\" data-element_type=\"widget\" data-e-type=\"widget\" data-widget_type=\"image.default\">\n\t\t\t\t<div class=\"elementor-widget-container\">\n\t\t\t\t\t\t\t\t\t\t\t\t<figure class=\"wp-caption\">\n\t\t\t\t\t\t\t\t\t\t<img fetchpriority=\"high\" decoding=\"async\" width=\"800\" height=\"238\" src=\"https:\/\/www.ukf.umea.se\/wp-content\/uploads\/2021\/03\/7B740A5A-029F-448D-A969-62012ACE0685-e1615901680952-1024x305.png\" class=\"attachment-large size-large wp-image-1140\" alt=\"Markerad text f\u00f6r text till tal\" srcset=\"https:\/\/www.ukf.umea.se\/wp-content\/uploads\/2021\/03\/7B740A5A-029F-448D-A969-62012ACE0685-e1615901680952-1024x305.png 1024w, https:\/\/www.ukf.umea.se\/wp-content\/uploads\/2021\/03\/7B740A5A-029F-448D-A969-62012ACE0685-e1615901680952-300x89.png 300w, https:\/\/www.ukf.umea.se\/wp-content\/uploads\/2021\/03\/7B740A5A-029F-448D-A969-62012ACE0685-e1615901680952-768x229.png 768w, https:\/\/www.ukf.umea.se\/wp-content\/uploads\/2021\/03\/7B740A5A-029F-448D-A969-62012ACE0685-e1615901680952-16x5.png 16w, https:\/\/www.ukf.umea.se\/wp-content\/uploads\/2021\/03\/7B740A5A-029F-448D-A969-62012ACE0685-e1615901680952.png 1120w\" sizes=\"(max-width: 800px) 100vw, 800px\" \/>\t\t\t\t\t\t\t\t\t\t\t<figcaption class=\"widget-image-caption wp-caption-text\"> Print screen on selected text in a smartphone.<\/figcaption>\n\t\t\t\t\t\t\t\t\t\t<\/figure>\n\t\t\t\t\t\t\t\t\t<\/div>\n\t\t\t\t<\/div>\n\t\t\t\t<div class=\"elementor-element elementor-element-b57defe elementor-widget elementor-widget-text-editor\" data-id=\"b57defe\" data-element_type=\"widget\" data-e-type=\"widget\" data-widget_type=\"text-editor.default\">\n\t\t\t\t<div class=\"elementor-widget-container\">\n\t\t\t\t\t\t\t\t\t<p><span style=\"color: var( --e-global-color-primary ); font-family: var( --e-global-typography-10846b7-font-family ), Frutiger, Arial; font-size: var( --e-global-typography-10846b7-font-size ); font-weight: var( --e-global-typography-10846b7-font-weight ); letter-spacing: var( --e-global-typography-10846b7-letter-spacing );\">How accessible is the website?<\/span><\/p>\n<p>We are aware that parts of the website are not fully accessible. See the section on content not available below for more information.<\/p>\n<p><\/p>\n<h2>What can you do if you can not use parts of the site?<\/h2>\n<p>If you need content from www.ukf.umea.se that is not available to you, but which is exempt from the scope of the law as described below, you can let us know.<\/p>\n<p>The response time is normally one working day.<\/p>\n<p>You contact us as follows:<\/p>\n<ul>\n<li>Send email to <a href=\"mailto:andreas.wikedal@umea.se\">andreas.wikedal@umea.se<\/a><\/li>\n<li>Ring <a href=\"tel:090-16 22 58\">090-16 22 58<\/a><\/li>\n<\/ul>\n<div>&nbsp;<\/div>\n<h2>Report deficiencies in website accessibility<\/h2>\n<p>We are constantly striving to improve the accessibility of the website. If you discover problems that are not described on this page, or if you believe that we do not meet the requirements of the law, contact us to let us know that the problem exists.<\/p>\n<p><\/p>\n<h2>Supervision<\/h2>\n<p>The authority for digital administration is responsible for supervising the law on accessibility to digital public services. If you are not satisfied with how we handle your views, you can contact the Digital Administration Authority and report it.<\/p>\n<p><\/p>\n<h2>Technical information about the accessibility of the website<\/h2>\n<p>This website is partially compliant with the Digital Public Service Accessibility Act. There is content on this site which in one way or another is not fully available. Our ambition is to launch an updated website at the beginning of 2021 and that this will be compatible with the law on accessibility to digital public service.<\/p>\n<p>With regard to content on the current website that is not fully accessible, Ume\u00e5 Kommunf\u00f6retag AB invokes exceptions for unreasonably burdensome adaptation in accordance with section 12 of the Act on Accessibility to Digital Public Services.<\/p>\n<p>Webbplatsen publicerades den 15 april 2021.<\/p>\n<p>The report was published no later than 20 November 2020.<\/p>\t\t\t\t\t\t\t\t<\/div>\n\t\t\t\t<\/div>\n\t\t\t\t\t<\/div>\n\t\t<\/div>\n\t\t\t\t<div class=\"elementor-column elementor-col-50 elementor-top-column elementor-element elementor-element-044bcd4\" data-id=\"044bcd4\" data-element_type=\"column\" data-e-type=\"column\">\n\t\t\t<div class=\"elementor-widget-wrap\">\n\t\t\t\t\t\t\t<\/div>\n\t\t<\/div>\n\t\t\t\t\t<\/div>\n\t\t<\/section>\n\t\t\t\t<\/div>","protected":false},"excerpt":{"rendered":"<p>Vi \u00e4r medvetna om att delar av webbplatsen inte \u00e4r helt tillg\u00e4ngliga. Se avsnittet om inneh\u00e5ll som inte \u00e4r tillg\u00e4ngligt nedan f\u00f6r mer information. Text till tal All text som \u00e4r tillg\u00e4nglig p\u00e5 hemsidan g\u00e5r att markera och spela upp. Detta st\u00f6d fungera p\u00e5 datorer, surfplattor och smartphones.\u00a0 Observera att ljudet p\u00e5 din enhet m\u00e5ste [&hellip;]<\/p>\n","protected":false},"author":1,"featured_media":0,"parent":0,"menu_order":7,"comment_status":"closed","ping_status":"closed","template":"","meta":{"_acf_changed":false,"inline_featured_image":false,"footnotes":""},"class_list":["post-365","page","type-page","status-publish","hentry"],"acf":[],"yoast_head":"<!-- This site is optimized with the Yoast SEO plugin v27.5 - https:\/\/yoast.com\/product\/yoast-seo-wordpress\/ -->\n<title>Tillg\u00e4nglighet - Ume\u00e5 Kommunf\u00f6retag AB<\/title>\n<meta name=\"robots\" content=\"noindex, follow\" \/>\n<meta property=\"og:locale\" content=\"en_US\" \/>\n<meta property=\"og:type\" content=\"article\" \/>\n<meta property=\"og:title\" content=\"Tillg\u00e4nglighet - Ume\u00e5 Kommunf\u00f6retag AB\" \/>\n<meta property=\"og:description\" content=\"Vi \u00e4r medvetna om att delar av webbplatsen inte \u00e4r helt tillg\u00e4ngliga. Se avsnittet om inneh\u00e5ll som inte \u00e4r tillg\u00e4ngligt nedan f\u00f6r mer information. Text till tal All text som \u00e4r tillg\u00e4nglig p\u00e5 hemsidan g\u00e5r att markera och spela upp. Detta st\u00f6d fungera p\u00e5 datorer, surfplattor och smartphones.\u00a0 Observera att ljudet p\u00e5 din enhet m\u00e5ste [&hellip;]\" \/>\n<meta property=\"og:url\" content=\"https:\/\/www.ukf.umea.se\/en\/tillganglighet\/\" \/>\n<meta property=\"og:site_name\" content=\"Ume\u00e5 Kommunf\u00f6retag AB\" \/>\n<meta property=\"article:modified_time\" content=\"2021-04-22T05:59:03+00:00\" \/>\n<meta property=\"og:image\" content=\"https:\/\/ukf.umea.se\/wp-content\/uploads\/2021\/03\/7B740A5A-029F-448D-A969-62012ACE0685-e1615901680952-1024x305.png\" \/>\n<meta name=\"twitter:card\" content=\"summary_large_image\" \/>\n<meta name=\"twitter:label1\" content=\"Est. reading time\" \/>\n\t<meta name=\"twitter:data1\" content=\"2 minutes\" \/>\n<script type=\"application\/ld+json\" class=\"yoast-schema-graph\">{\"@context\":\"https:\\\/\\\/schema.org\",\"@graph\":[{\"@type\":\"WebPage\",\"@id\":\"https:\\\/\\\/www.ukf.umea.se\\\/tillganglighet\\\/\",\"url\":\"https:\\\/\\\/www.ukf.umea.se\\\/tillganglighet\\\/\",\"name\":\"Tillg\u00e4nglighet - Ume\u00e5 Kommunf\u00f6retag AB\",\"isPartOf\":{\"@id\":\"https:\\\/\\\/www.ukf.umea.se\\\/#website\"},\"primaryImageOfPage\":{\"@id\":\"https:\\\/\\\/www.ukf.umea.se\\\/tillganglighet\\\/#primaryimage\"},\"image\":{\"@id\":\"https:\\\/\\\/www.ukf.umea.se\\\/tillganglighet\\\/#primaryimage\"},\"thumbnailUrl\":\"https:\\\/\\\/ukf.umea.se\\\/wp-content\\\/uploads\\\/2021\\\/03\\\/7B740A5A-029F-448D-A969-62012ACE0685-e1615901680952-1024x305.png\",\"datePublished\":\"2021-02-17T12:27:05+00:00\",\"dateModified\":\"2021-04-22T05:59:03+00:00\",\"breadcrumb\":{\"@id\":\"https:\\\/\\\/www.ukf.umea.se\\\/tillganglighet\\\/#breadcrumb\"},\"inLanguage\":\"en-US\",\"potentialAction\":[{\"@type\":\"ReadAction\",\"target\":[\"https:\\\/\\\/www.ukf.umea.se\\\/tillganglighet\\\/\"]}]},{\"@type\":\"ImageObject\",\"inLanguage\":\"en-US\",\"@id\":\"https:\\\/\\\/www.ukf.umea.se\\\/tillganglighet\\\/#primaryimage\",\"url\":\"https:\\\/\\\/ukf.umea.se\\\/wp-content\\\/uploads\\\/2021\\\/03\\\/7B740A5A-029F-448D-A969-62012ACE0685-e1615901680952-1024x305.png\",\"contentUrl\":\"https:\\\/\\\/ukf.umea.se\\\/wp-content\\\/uploads\\\/2021\\\/03\\\/7B740A5A-029F-448D-A969-62012ACE0685-e1615901680952-1024x305.png\"},{\"@type\":\"BreadcrumbList\",\"@id\":\"https:\\\/\\\/www.ukf.umea.se\\\/tillganglighet\\\/#breadcrumb\",\"itemListElement\":[{\"@type\":\"ListItem\",\"position\":1,\"name\":\"Hem\",\"item\":\"https:\\\/\\\/www.ukf.umea.se\\\/\"},{\"@type\":\"ListItem\",\"position\":2,\"name\":\"Tillg\u00e4nglighet\"}]},{\"@type\":\"WebSite\",\"@id\":\"https:\\\/\\\/www.ukf.umea.se\\\/#website\",\"url\":\"https:\\\/\\\/www.ukf.umea.se\\\/\",\"name\":\"Ume\u00e5 Kommunf\u00f6retag AB\",\"description\":\"Moderbolag f\u00f6r Ume\u00e5 Kommuns bolag\",\"publisher\":{\"@id\":\"https:\\\/\\\/www.ukf.umea.se\\\/#organization\"},\"potentialAction\":[{\"@type\":\"SearchAction\",\"target\":{\"@type\":\"EntryPoint\",\"urlTemplate\":\"https:\\\/\\\/www.ukf.umea.se\\\/?s={search_term_string}\"},\"query-input\":{\"@type\":\"PropertyValueSpecification\",\"valueRequired\":true,\"valueName\":\"search_term_string\"}}],\"inLanguage\":\"en-US\"},{\"@type\":\"Organization\",\"@id\":\"https:\\\/\\\/www.ukf.umea.se\\\/#organization\",\"name\":\"Ume\u00e5 Kommunf\u00f6retag AB\",\"url\":\"https:\\\/\\\/www.ukf.umea.se\\\/\",\"logo\":{\"@type\":\"ImageObject\",\"inLanguage\":\"en-US\",\"@id\":\"https:\\\/\\\/www.ukf.umea.se\\\/#\\\/schema\\\/logo\\\/image\\\/\",\"url\":\"https:\\\/\\\/ukf.umea.se\\\/wp-content\\\/uploads\\\/2021\\\/02\\\/UKF_A_RGB.jpg\",\"contentUrl\":\"https:\\\/\\\/ukf.umea.se\\\/wp-content\\\/uploads\\\/2021\\\/02\\\/UKF_A_RGB.jpg\",\"width\":875,\"height\":191,\"caption\":\"Ume\u00e5 Kommunf\u00f6retag AB\"},\"image\":{\"@id\":\"https:\\\/\\\/www.ukf.umea.se\\\/#\\\/schema\\\/logo\\\/image\\\/\"},\"sameAs\":[\"https:\\\/\\\/sv.wikipedia.org\\\/wiki\\\/Ume\u00e5_Kommunf\u00f6retag\"]}]}<\/script>\n<!-- \/ Yoast SEO plugin. -->","yoast_head_json":{"title":"Tillg\u00e4nglighet - Ume\u00e5 Kommunf\u00f6retag AB","robots":{"index":"noindex","follow":"follow"},"og_locale":"en_US","og_type":"article","og_title":"Tillg\u00e4nglighet - Ume\u00e5 Kommunf\u00f6retag AB","og_description":"Vi \u00e4r medvetna om att delar av webbplatsen inte \u00e4r helt tillg\u00e4ngliga. Se avsnittet om inneh\u00e5ll som inte \u00e4r tillg\u00e4ngligt nedan f\u00f6r mer information. Text till tal All text som \u00e4r tillg\u00e4nglig p\u00e5 hemsidan g\u00e5r att markera och spela upp. Detta st\u00f6d fungera p\u00e5 datorer, surfplattor och smartphones.\u00a0 Observera att ljudet p\u00e5 din enhet m\u00e5ste [&hellip;]","og_url":"https:\/\/www.ukf.umea.se\/en\/tillganglighet\/","og_site_name":"Ume\u00e5 Kommunf\u00f6retag AB","article_modified_time":"2021-04-22T05:59:03+00:00","og_image":[{"url":"https:\/\/ukf.umea.se\/wp-content\/uploads\/2021\/03\/7B740A5A-029F-448D-A969-62012ACE0685-e1615901680952-1024x305.png","type":"","width":"","height":""}],"twitter_card":"summary_large_image","twitter_misc":{"Est. reading time":"2 minutes"},"schema":{"@context":"https:\/\/schema.org","@graph":[{"@type":"WebPage","@id":"https:\/\/www.ukf.umea.se\/tillganglighet\/","url":"https:\/\/www.ukf.umea.se\/tillganglighet\/","name":"Tillg\u00e4nglighet - Ume\u00e5 Kommunf\u00f6retag AB","isPartOf":{"@id":"https:\/\/www.ukf.umea.se\/#website"},"primaryImageOfPage":{"@id":"https:\/\/www.ukf.umea.se\/tillganglighet\/#primaryimage"},"image":{"@id":"https:\/\/www.ukf.umea.se\/tillganglighet\/#primaryimage"},"thumbnailUrl":"https:\/\/ukf.umea.se\/wp-content\/uploads\/2021\/03\/7B740A5A-029F-448D-A969-62012ACE0685-e1615901680952-1024x305.png","datePublished":"2021-02-17T12:27:05+00:00","dateModified":"2021-04-22T05:59:03+00:00","breadcrumb":{"@id":"https:\/\/www.ukf.umea.se\/tillganglighet\/#breadcrumb"},"inLanguage":"en-US","potentialAction":[{"@type":"ReadAction","target":["https:\/\/www.ukf.umea.se\/tillganglighet\/"]}]},{"@type":"ImageObject","inLanguage":"en-US","@id":"https:\/\/www.ukf.umea.se\/tillganglighet\/#primaryimage","url":"https:\/\/ukf.umea.se\/wp-content\/uploads\/2021\/03\/7B740A5A-029F-448D-A969-62012ACE0685-e1615901680952-1024x305.png","contentUrl":"https:\/\/ukf.umea.se\/wp-content\/uploads\/2021\/03\/7B740A5A-029F-448D-A969-62012ACE0685-e1615901680952-1024x305.png"},{"@type":"BreadcrumbList","@id":"https:\/\/www.ukf.umea.se\/tillganglighet\/#breadcrumb","itemListElement":[{"@type":"ListItem","position":1,"name":"Hem","item":"https:\/\/www.ukf.umea.se\/"},{"@type":"ListItem","position":2,"name":"Tillg\u00e4nglighet"}]},{"@type":"WebSite","@id":"https:\/\/www.ukf.umea.se\/#website","url":"https:\/\/www.ukf.umea.se\/","name":"Ume\u00e5 Kommunf\u00f6retag AB","description":"Moderbolag f\u00f6r Ume\u00e5 Kommuns bolag","publisher":{"@id":"https:\/\/www.ukf.umea.se\/#organization"},"potentialAction":[{"@type":"SearchAction","target":{"@type":"EntryPoint","urlTemplate":"https:\/\/www.ukf.umea.se\/?s={search_term_string}"},"query-input":{"@type":"PropertyValueSpecification","valueRequired":true,"valueName":"search_term_string"}}],"inLanguage":"en-US"},{"@type":"Organization","@id":"https:\/\/www.ukf.umea.se\/#organization","name":"Ume\u00e5 Kommunf\u00f6retag AB","url":"https:\/\/www.ukf.umea.se\/","logo":{"@type":"ImageObject","inLanguage":"en-US","@id":"https:\/\/www.ukf.umea.se\/#\/schema\/logo\/image\/","url":"https:\/\/ukf.umea.se\/wp-content\/uploads\/2021\/02\/UKF_A_RGB.jpg","contentUrl":"https:\/\/ukf.umea.se\/wp-content\/uploads\/2021\/02\/UKF_A_RGB.jpg","width":875,"height":191,"caption":"Ume\u00e5 Kommunf\u00f6retag AB"},"image":{"@id":"https:\/\/www.ukf.umea.se\/#\/schema\/logo\/image\/"},"sameAs":["https:\/\/sv.wikipedia.org\/wiki\/Ume\u00e5_Kommunf\u00f6retag"]}]}},"_links":{"self":[{"href":"https:\/\/www.ukf.umea.se\/en\/wp-json\/wp\/v2\/pages\/365","targetHints":{"allow":["GET"]}}],"collection":[{"href":"https:\/\/www.ukf.umea.se\/en\/wp-json\/wp\/v2\/pages"}],"about":[{"href":"https:\/\/www.ukf.umea.se\/en\/wp-json\/wp\/v2\/types\/page"}],"author":[{"embeddable":true,"href":"https:\/\/www.ukf.umea.se\/en\/wp-json\/wp\/v2\/users\/1"}],"replies":[{"embeddable":true,"href":"https:\/\/www.ukf.umea.se\/en\/wp-json\/wp\/v2\/comments?post=365"}],"version-history":[{"count":44,"href":"https:\/\/www.ukf.umea.se\/en\/wp-json\/wp\/v2\/pages\/365\/revisions"}],"predecessor-version":[{"id":1575,"href":"https:\/\/www.ukf.umea.se\/en\/wp-json\/wp\/v2\/pages\/365\/revisions\/1575"}],"wp:attachment":[{"href":"https:\/\/www.ukf.umea.se\/en\/wp-json\/wp\/v2\/media?parent=365"}],"curies":[{"name":"wp","href":"https:\/\/api.w.org\/{rel}","templated":true}]}}